{"id":4628,"date":"2024-02-27T12:55:51","date_gmt":"2024-02-27T09:55:51","guid":{"rendered":"https:\/\/egepoldental.com\/?page_id=4628"},"modified":"2024-03-26T17:35:59","modified_gmt":"2024-03-26T14:35:59","slug":"all-on-8-zahnimplantate","status":"publish","type":"page","link":"https:\/\/egepoldental.com\/de\/zahnimplantate\/all-on-8-zahnimplantate\/","title":{"rendered":"All-on-8-Zahnimplantate in Izmir, T\u00fcrkei"},"content":{"rendered":"<p>[section bg=&#8220;4431&#8243; bg_size=&#8220;2048&#215;2048&#8243; bg_pos=&#8220;center right&#8220; padding=&#8220;0px&#8220; height=&#8220;500px&#8220; height__sm=&#8220;200px&#8220;]<\/p>\n<p>[row col_bg_radius=&#8220;20&#8243; visibility=&#8220;hide-for-small&#8220;]<\/p>\n<p>[col span=&#8220;5&#8243; span__sm=&#8220;12&#8243; padding=&#8220;20px 50px 20px 50px&#8220; bg_color=&#8220;rgba(33, 54, 96, 0.965)&#8220; border=&#8220;0px 0px 10px 0px&#8220; border_radius=&#8220;20&#8243; border_color=&#8220;rgb(237, 97, 41)&#8220;]<\/p>\n<p>[page_header style=&#8220;simple&#8220; align=&#8220;center&#8220; title_size=&#8220;larger&#8220; nav_style=&#8220;simple&#8220;]<\/p>\n<p>[\/col]<\/p>\n<p>[\/row]<\/p>\n<p>[\/section]<br \/>\n[section padding=&#8220;60px&#8220; padding__sm=&#8220;20px&#8220;]<\/p>\n<p>[row col_bg_radius=&#8220;20&#8243; visibility=&#8220;show-for-small&#8220;]<\/p>\n<p>[col span=&#8220;5&#8243; span__sm=&#8220;12&#8243; padding=&#8220;0px 50px 0px 50px&#8220; bg_color=&#8220;rgba(33, 54, 96, 0.965)&#8220; border=&#8220;0px 0px 10px 0px&#8220; border_radius=&#8220;20&#8243; border_color=&#8220;rgb(237, 97, 41)&#8220;]<\/p>\n<p>[page_header style=&#8220;simple&#8220; align=&#8220;center&#8220; title_size=&#8220;larger&#8220; nav_style=&#8220;simple&#8220;]<\/p>\n<p>[\/col]<\/p>\n<p>[\/row]<br \/>\n[row]<\/p>\n<p>[col span=&#8220;9&#8243; span__sm=&#8220;12&#8243;]<\/p>\n<p>Ein strahlendes Grinsen kann die Stimmung und das Selbstvertrauen heben. Eine hochmoderne Zahnbehandlung namens All-on-8-Zahnimplantate ist daf\u00fcr bekannt, dass sie nicht nur das L\u00e4cheln, sondern auch das Selbstvertrauen zahlreicher Menschen wiederherstellt. In diesem Artikel geht es um die Welt der All-on-8-Zahnimplantate, einschlie\u00dflich Einzelheiten dar\u00fcber, was sie sind, wie sie durchgef\u00fchrt werden, was Sie von einer Genesung erwarten k\u00f6nnen, wie viel sie kosten und warum diese revolution\u00e4re Operation in der T\u00fcrkei von Vorteil ist.<\/p>\n<h2>Was sind All-on-8-Zahnimplantate?<\/h2>\n<p>All-on-8-Zahnimplantate sind eine moderne Zahnreparaturoption f\u00fcr Menschen mit schweren Zahnproblemen oder erheblichem Zahnverlust und eine Variante des beliebteren All-on-4-Verfahrens. Mit der All-on-8-Technik werden acht Zahnimplantate eingesetzt, vier in jedem Kiefer, die als Anker f\u00fcr einen gesamten Zahnbogen dienen. Diese Methode verleiht Patienten ein verj\u00fcngtes L\u00e4cheln und eine verbesserte Lebensqualit\u00e4t, indem sie Stabilit\u00e4t, Attraktivit\u00e4t und Funktionalit\u00e4t bietet, die mit nat\u00fcrlichen Z\u00e4hnen vergleichbar sind.<\/p>\n<p><img loading=\"lazy\" decoding=\"async\" src=\"https:\/\/egepoldental.com\/wp-content\/uploads\/2024\/02\/All-on-8-Dental-Implants-1.jpg\" alt=\"\" width=\"1140\" height=\"500\" \/><\/p>\n<h2>Das Verfahren<\/h2>\n<p>Die folgenden Schritte sind \u00fcblicherweise bei der All-on-8-Zahnimplantation erforderlich:<\/p>\n<ul>\n<li>Beratung: Ihr Weg zu einem selbstbewussten L\u00e4cheln beginnt mit einem Treffen mit einem erfahrenen t\u00fcrkischen Zahnarzt. Bei diesem ersten Termin k\u00f6nnen Ihre zahn\u00e4rztlichen Sorgen, Ziele und Erwartungen besprochen werden.<\/li>\n<li>Umfassende Bewertung: Es werden eine vollst\u00e4ndige zahn\u00e4rztliche Untersuchung und Scans, einschlie\u00dflich 3D-Bildgebung, durchgef\u00fchrt, um festzustellen, ob All-on-8-Implantate f\u00fcr Sie geeignet sind. Mithilfe dieser Beurteilung kann der Zahnarzt die Gesundheit Ihres Kieferknochens beurteilen und Pl\u00e4ne f\u00fcr die Implantatinsertion erstellen.<\/li>\n<li>Implantatinsertion: Acht Titanimplantate werden w\u00e4hrend der Implantatinsertion sorgf\u00e4ltig in jedem Kiefer positioniert, um den k\u00fcnstlichen Z\u00e4hnen den bestm\u00f6glichen Halt zu bieten. Abh\u00e4ngig von Ihrem Komfortniveau und der Komplexit\u00e4t der Situation wird die Operation entweder unter \u00f6rtlicher Bet\u00e4ubung oder unter Vollnarkose durchgef\u00fchrt.<\/li>\n<li>Befestigung von Prothesenz\u00e4hnen: Nach dem Einsetzen der Implantate wird ein Satz individuell angefertigter Prothesenz\u00e4hne auf den Implantaten befestigt. Diese k\u00fcnstlichen Z\u00e4hne sehen nahtlos und nat\u00fcrlich aus, da sie sorgf\u00e4ltig angefertigt wurden, um der Gr\u00f6\u00dfe, Form und Farbe Ihrer tats\u00e4chlichen Z\u00e4hne zu entsprechen.<\/li>\n<\/ul>\n<h2>Erholung<\/h2>\n<p>Nach der Installation von All-on-8-Zahnimplantaten erfolgt die Genesung normalerweise in zwei Phasen:<\/p>\n<ul>\n<li>Sofortige Genesung: Leichte Schmerzen, \u00d6deme und Bluterg\u00fcsse sind bei Patienten nach jedem chirurgischen Eingriff in der ersten postoperativen Phase \u00fcblich. Zur Behandlung etwaiger Beschwerden verschreibt Ihnen Ihr Zahnarzt Medikamente zur Schmerzbehandlung. In dieser Phase werden Sie au\u00dferdem darauf hingewiesen, auf eine ordnungsgem\u00e4\u00dfe Mundhygiene und eine sanfte Ern\u00e4hrung zu achten.<\/li>\n<li>Osseointegrationsphase: W\u00e4hrend der l\u00e4ngeren Erholungsphase muss die Integration der Implantate in den Kieferknochen heilen. Der langfristige Erfolg von All-on-8-Implantaten h\u00e4ngt von diesem Eingriff ab, der mehrere Monate dauern kann. Um Ihre Entwicklung im Auge zu behalten, vereinbaren Sie routinem\u00e4\u00dfige Nachsorgetermine bei Ihrem Zahnarzt.<\/li>\n<\/ul>\n<p><img loading=\"lazy\" decoding=\"async\" class=\"alignnone wp-image-2893 size-full\" src=\"https:\/\/egepoldental.com\/wp-content\/uploads\/2024\/02\/All-on-8-Dental-Implants-2.jpg\" alt=\"\" width=\"1140\" height=\"500\" srcset=\"https:\/\/egepoldental.com\/wp-content\/uploads\/2024\/02\/All-on-8-Dental-Implants-2.jpg 1140w, https:\/\/egepoldental.com\/wp-content\/uploads\/2024\/02\/All-on-8-Dental-Implants-2-800x351.jpg 800w, https:\/\/egepoldental.com\/wp-content\/uploads\/2024\/02\/All-on-8-Dental-Implants-2-768x337.jpg 768w\" sizes=\"(max-width: 1140px) 100vw, 1140px\" \/><\/p>\n<h2>Vorteile von All-on-8-Zahnimplantaten in der T\u00fcrkei<\/h2>\n<ul>\n<li>Kosteneinsparungen: Die T\u00fcrkei ist daf\u00fcr bekannt, erstklassige zahn\u00e4rztliche Leistungen zu einem Bruchteil des Preises anzubieten, den Sie in anderen L\u00e4ndern zahlen k\u00f6nnten, einschlie\u00dflich All-on-8-Zahnimplantaten. All-on-8-Implantate sind eine w\u00fcnschenswerte Alternative f\u00fcr ein sch\u00f6nes und sicheres L\u00e4cheln, da sie f\u00fcr ein breiteres Spektrum von Menschen zu hochwertigen vollst\u00e4ndigen Mundrestaurationen zug\u00e4nglich sind.<\/li>\n<li>Qualifizierte Zahn\u00e4rzte: T\u00fcrkische Zahn\u00e4rzte sind gut ausgebildet und verf\u00fcgen h\u00e4ufig \u00fcber ausl\u00e4ndische Qualifikationen. Englischkenntnisse t\u00fcrkischer Zahn\u00e4rzte tragen dazu bei, einen effektiven und klaren Kontakt zu ausl\u00e4ndischen Patienten zu gew\u00e4hrleisten. Ihre Betreuung wird aufgrund ihrer Kompetenz in der Implantologie und bei kompletten Mundrestaurationen wie All-on-8-Implantaten auf h\u00f6chstem Niveau sein. Sie k\u00f6nnen sicher sein, dass erfahrene H\u00e4nde sich um die Ver\u00e4nderung Ihres L\u00e4chelns k\u00fcmmern.<\/li>\n<li>Fortschrittliche Technologie: T\u00fcrkische Zahnarztpraxen investieren kontinuierlich in modernste Technologie und modernste Ausr\u00fcstung. Dieses Engagement f\u00fcr Innovation garantiert, dass Patienten die modernsten und wirksamsten verf\u00fcgbaren Therapien erhalten. Moderne Ger\u00e4te tragen dazu bei, die Genauigkeit und den Erfolg von All-on-8-Implantatbehandlungen sowie die Qualit\u00e4t Ihrer zahn\u00e4rztlichen Arbeit sicherzustellen.<\/li>\n<li>Tourismusm\u00f6glichkeiten: Die T\u00fcrkei ist ein Land reich an kulturellem Erbe und atemberaubender Landschaft; Es ist nicht nur ein Ort, an den Menschen zur Zahnbehandlung gehen. Die antike Stadt Ephesus oder die malerischen Sch\u00f6nheiten Kappadokiens k\u00f6nnen Sie w\u00e4hrend Ihres Zahnarztbesuchs besichtigen, um Ihren Zahnarztbesuch zu einem unvergesslichen Urlaub zu machen. Ihr L\u00e4cheln zu entwickeln und gleichzeitig die Wunder der T\u00fcrkei zu entdecken, ist eine umfassende Strategie, die unsch\u00e4tzbare Erinnerungen schafft.<\/li>\n<\/ul>\n<p>F\u00fcr Menschen mit schwerwiegenden Zahnproblemen oder erheblichem Zahnverlust bieten All-on-8-Zahnimplantate in der T\u00fcrkei eine hochwertige und erschwingliche Option. Die T\u00fcrkei bietet ein ganzheitliches Zahnheilkundeerlebnis, das nicht nur Ihr L\u00e4cheln und Selbstvertrauen wiederherstellt, sondern Ihnen auch erm\u00f6glicht, die kulturelle Vielfalt und Natursch\u00f6nheiten dieses verf\u00fchrerischen Landes zu entdecken. Die T\u00fcrkei verf\u00fcgt \u00fcber qualifizierte Zahn\u00e4rzte, modernste Technologie und eine Vielzahl touristischer Alternativen. Die Wahl der T\u00fcrkei als Standort f\u00fcr Ihre All-on-8-Zahnimplantate ist eine Investition nicht nur in Ihr L\u00e4cheln, sondern auch in lebenslange Erinnerungen.<\/p>\n<h2>Kosten f\u00fcr All-on-8-Zahnimplantate in der T\u00fcrkei<\/h2>\n<p>Die Erschwinglichkeit von All-on-8-Zahnimplantaten in der T\u00fcrkei ist eines ihrer verlockendsten Merkmale. T\u00fcrkische Zahnbehandlungen sind preisg\u00fcnstig und von hervorragender Qualit\u00e4t. Der Preis f\u00fcr All-on-8-Zahnimplantate kann je nach Art der verwendeten Materialien, der Schwierigkeit des Falles und dem Standort der Zahnarztpraxis variieren. Im Vergleich zu vielen westlichen L\u00e4ndern k\u00f6nnen Patienten in der T\u00fcrkei damit rechnen, im Durchschnitt deutlich weniger f\u00fcr All-on-8-Implantate zu bezahlen und gleichzeitig eine erstklassige Versorgung zu erhalten.<\/p>\n<p>[\/col]<br \/>\n[col span=&#8220;3&#8243; span__sm=&#8220;12&#8243; sticky=&#8220;true&#8220; visibility=&#8220;hide-for-medium&#8220;]<\/p>\n<p>[block id=&#8220;2644&#8243;]<\/p>\n<p>[\/col]<\/p>\n<p>[\/row]<br \/>\n[row]<\/p>\n<p>[col span__sm=&#8220;12&#8243;]<\/p>\n<p>[accordion title=&#8220;F.A.Q&#8220;]<\/p>\n<p>[accordion-item title=&#8220;Wie hoch ist die Lebensdauer eines All-on-8-Zahnimplantats?&#8220;]<\/p>\n<p>All-on-8-Zahnimplantate, bei denen acht Implantate zur Unterst\u00fctzung eines vollst\u00e4ndigen Gebisses eingesetzt werden, k\u00f6nnen bei richtiger Pflege eine Lebensdauer von 20 Jahren oder mehr haben. Faktoren wie Mundhygiene, Ern\u00e4hrung und regelm\u00e4\u00dfige zahn\u00e4rztliche Kontrolluntersuchungen tragen zur Langlebigkeit von All-on-8-Implantaten bei und bieten eine dauerhafte und funktionelle L\u00f6sung f\u00fcr Patienten, die eine vollst\u00e4ndige Wiederherstellung des Mundes anstreben.<\/p>\n<p>[\/accordion-item]<br \/>\n[accordion-item title=&#8220;Schmerzen All-on-8-Zahnimplantate?&#8220;]<\/p>\n<p>W\u00e4hrend des All-on-8-Implantationsverfahrens erhalten die Patienten in der Regel eine An\u00e4sthesie, wodurch die Schmerzen w\u00e4hrend der Operation minimiert werden. Nach der Operation sind leichte Beschwerden und Schwellungen normal, diese k\u00f6nnen jedoch mit verschriebenen Medikamenten behandelt werden. Patienten berichten h\u00e4ufig, dass die Schmerzen nur vor\u00fcbergehender Natur sind und dass sie sich mit fortschreitender Heilung mit ihren neuen Z\u00e4hnen wohler f\u00fchlen.<\/p>\n<p>[\/accordion-item]<br \/>\n[accordion-item title=&#8220;Gibt es nach All-on-8-Zahnimplantaten ernsthafte Probleme?&#8220;]<\/p>\n<p>Obwohl Komplikationen selten sind, k\u00f6nnen nach All-on-8-Implantaten Infektionen, Implantatversagen oder Probleme mit der Prothese auftreten. Die Einhaltung der postoperativen Anweisungen, die Einhaltung von Nachsorgeterminen und die Aufrechterhaltung einer guten Mundhygiene sind entscheidend, um ernsthaften Problemen vorzubeugen. Durch rechtzeitiges Eingreifen von Zahn\u00e4rzten k\u00f6nnen eventuell auftretende Bedenken ausger\u00e4umt werden.<\/p>\n<p>[\/accordion-item]<br \/>\n[accordion-item title=&#8220;Warum sind All-on-8-Zahnimplantate in der T\u00fcrkei g\u00fcnstiger?&#8220;]<\/p>\n<p>Die Erschwinglichkeit von All-on-8-Zahnimplantaten in der T\u00fcrkei ist auf Faktoren wie niedrigere Arbeitskosten, Betriebskosten und g\u00fcnstige Wechselkurse zur\u00fcckzuf\u00fchren. Seri\u00f6se Kliniken in der T\u00fcrkei bieten h\u00e4ufig umfassende Pakete an, wodurch das All-on-8-Verfahren kosteng\u00fcnstiger wird. F\u00fcr Patienten ist es jedoch wichtig, akkreditierte Kliniken mit erfahrenen Fachleuten zu w\u00e4hlen, um die Qualit\u00e4t und Sicherheit des Zahnimplantationsverfahrens zu gew\u00e4hrleisten.<\/p>\n<p>[\/accordion-item]<\/p>\n<p>[\/accordion]<\/p>\n<p>[\/col]<\/p>\n<p>[\/row]<\/p>\n<p>[\/section]<\/p>\n","protected":false},"excerpt":{"rendered":"<p>[section bg=&#8220;4431&#8243; bg_size=&#8220;2048&#215;2048&#8243; bg_pos=&#8220;center right&#8220; padding=&#8220;0px&#8220; height=&#8220;500px&#8220; height__sm=&#8220;200px&#8220;] [row col_bg_radius=&#8220;20&#8243; visibility=&#8220;hide-for-small&#8220;] [col span=&#8220;5&#8243; span__sm=&#8220;12&#8243; padding=&#8220;20px 50px 20px 50px&#8220; bg_color=&#8220;rgba(33, 54, 96, 0.965)&#8220; border=&#8220;0px 0px 10px 0px&#8220; border_radius=&#8220;20&#8243; border_color=&#8220;rgb(237, 97, 41)&#8220;] [page_header style=&#8220;simple&#8220; align=&#8220;center&#8220; title_size=&#8220;larger&#8220; nav_style=&#8220;simple&#8220;] [\/col] [\/row] [\/section] [section padding=&#8220;60px&#8220; padding__sm=&#8220;20px&#8220;] [row col_bg_radius=&#8220;20&#8243; visibility=&#8220;show-for-small&#8220;] [col span=&#8220;5&#8243; span__sm=&#8220;12&#8243; padding=&#8220;0px 50px 0px 50px&#8220; bg_color=&#8220;rgba(33, 54, 96, 0.965)&#8220; [&hellip;]<\/p>\n","protected":false},"author":1,"featured_media":4431,"parent":4617,"menu_order":0,"comment_status":"closed","ping_status":"closed","template":"page-blank.php","meta":{"footnotes":""},"_links":{"self":[{"href":"https:\/\/egepoldental.com\/de\/wp-json\/wp\/v2\/pages\/4628"}],"collection":[{"href":"https:\/\/egepoldental.com\/de\/wp-json\/wp\/v2\/pages"}],"about":[{"href":"https:\/\/egepoldental.com\/de\/wp-json\/wp\/v2\/types\/page"}],"author":[{"embeddable":true,"href":"https:\/\/egepoldental.com\/de\/wp-json\/wp\/v2\/users\/1"}],"replies":[{"embeddable":true,"href":"https:\/\/egepoldental.com\/de\/wp-json\/wp\/v2\/comments?post=4628"}],"version-history":[{"count":3,"href":"https:\/\/egepoldental.com\/de\/wp-json\/wp\/v2\/pages\/4628\/revisions"}],"predecessor-version":[{"id":4633,"href":"https:\/\/egepoldental.com\/de\/wp-json\/wp\/v2\/pages\/4628\/revisions\/4633"}],"up":[{"embeddable":true,"href":"https:\/\/egepoldental.com\/de\/wp-json\/wp\/v2\/pages\/4617"}],"wp:featuredmedia":[{"embeddable":true,"href":"https:\/\/egepoldental.com\/de\/wp-json\/wp\/v2\/media\/4431"}],"wp:attachment":[{"href":"https:\/\/egepoldental.com\/de\/wp-json\/wp\/v2\/media?parent=4628"}],"curies":[{"name":"wp","href":"https:\/\/api.w.org\/{rel}","templated":true}]}}