{"id":4639,"date":"2024-02-27T13:39:22","date_gmt":"2024-02-27T10:39:22","guid":{"rendered":"https:\/\/egepoldental.com\/?page_id=4639"},"modified":"2024-03-26T17:44:19","modified_gmt":"2024-03-26T14:44:19","slug":"zahnimplantate-am-selben-tag","status":"publish","type":"page","link":"https:\/\/egepoldental.com\/de\/zahnimplantate\/zahnimplantate-am-selben-tag\/","title":{"rendered":"Zahnimplantate am Selben Tag in Izmir, T\u00fcrkei"},"content":{"rendered":"<p>[section bg=&#8220;4435&#8243; bg_size=&#8220;2048&#215;2048&#8243; bg_pos=&#8220;center right&#8220; padding=&#8220;0px&#8220; height=&#8220;500px&#8220; height__sm=&#8220;200px&#8220;]<\/p>\n<p>[row col_bg_radius=&#8220;20&#8243; visibility=&#8220;hide-for-small&#8220;]<\/p>\n<p>[col span=&#8220;5&#8243; span__sm=&#8220;12&#8243; padding=&#8220;20px 50px 20px 50px&#8220; bg_color=&#8220;rgba(33, 54, 96, 0.965)&#8220; border=&#8220;0px 0px 10px 0px&#8220; border_radius=&#8220;20&#8243; border_color=&#8220;rgb(237, 97, 41)&#8220;]<\/p>\n<p>[page_header style=&#8220;simple&#8220; align=&#8220;center&#8220; title_size=&#8220;larger&#8220; nav_style=&#8220;simple&#8220;]<\/p>\n<p>[\/col]<\/p>\n<p>[\/row]<\/p>\n<p>[\/section]<br \/>\n[section padding=&#8220;60px&#8220; padding__sm=&#8220;20px&#8220;]<\/p>\n<p>[row col_bg_radius=&#8220;20&#8243; visibility=&#8220;show-for-small&#8220;]<\/p>\n<p>[col span=&#8220;5&#8243; span__sm=&#8220;12&#8243; padding=&#8220;0px 50px 0px 50px&#8220; bg_color=&#8220;rgba(33, 54, 96, 0.965)&#8220; border=&#8220;0px 0px 10px 0px&#8220; border_radius=&#8220;20&#8243; border_color=&#8220;rgb(237, 97, 41)&#8220;]<\/p>\n<p>[page_header style=&#8220;simple&#8220; align=&#8220;center&#8220; title_size=&#8220;larger&#8220; nav_style=&#8220;simple&#8220;]<\/p>\n<p>[\/col]<\/p>\n<p>[\/row]<br \/>\n[row]<\/p>\n<p>[col span=&#8220;9&#8243; span__sm=&#8220;12&#8243;]<\/p>\n<p>Ein atemberaubendes, selbstbewusstes L\u00e4cheln kann Ihr Leben ver\u00e4ndern, und Zahnimplantate am selben Tag sind ein gro\u00dfer Fortschritt auf dem Gebiet der Zahnheilkunde. In diesem Artikel geht es um die Idee von Zahnimplantaten am selben Tag, einschlie\u00dflich Einzelheiten dar\u00fcber, was sie sind, wie sie durchgef\u00fchrt werden, was bei einer Genesung zu erwarten ist, wie viel sie kosten und warum die T\u00fcrkei ein guter Standort f\u00fcr diese hochmoderne Technik ist.<\/p>\n<h2>Was sind Zahnimplantate am selben Tag?<\/h2>\n<p>Zahnimplantate am selben Tag, oft auch als Sofort-Last-Zahnimplantate oder Ein-Tages-Implantate bezeichnet, sind eine hochmoderne Zahnrestaurationstechnologie, die entwickelt wurde, um Patienten, denen Z\u00e4hne fehlen, eine schnelle und effektive Option zu bieten. Zahnimplantate am selben Tag erm\u00f6glichen die Installation von Implantaten und Zahnprothesen an einem einzigen Tag, im Gegensatz zu herk\u00f6mmlichen Implantatverfahren, bei denen Patienten viele Monate auf die Heilung warten m\u00fcssen, bevor sie ihre endg\u00fcltigen Restaurationen erhalten.<\/p>\n<p><img loading=\"lazy\" decoding=\"async\" src=\"https:\/\/egepoldental.com\/wp-content\/uploads\/2024\/02\/Same-Day-Dental-Implants-1.jpg\" alt=\"\" width=\"1140\" height=\"500\" \/><\/p>\n<h2>Das Verfahren<\/h2>\n<p>Der Erwerb von Zahnimplantaten am selben Tag umfasst \u00fcblicherweise die folgenden Phasen:<\/p>\n<ul>\n<li>Beratung: Ihr Weg zu einem selbstbewussten L\u00e4cheln beginnt mit einem Treffen mit einem erfahrenen t\u00fcrkischen Zahnarzt. Bei diesem ersten Termin k\u00f6nnen Ihre zahn\u00e4rztlichen Sorgen, Ziele und Erwartungen besprochen werden.<\/li>\n<li>Umfassende Bewertung: Eine vollst\u00e4ndige zahn\u00e4rztliche Untersuchung und Bildgebung, wie z. B. 3D-Scans, werden durchgef\u00fchrt, um festzustellen, ob Zahnimplantate noch am selben Tag f\u00fcr Sie geeignet sind. Mithilfe dieser Beurteilung kann der Zahnarzt die Gesundheit Ihres Kieferknochens beurteilen und Pl\u00e4ne f\u00fcr die Implantatinsertion erstellen.<\/li>\n<li>Implantatinsertion: Ihr Zahnarzt wird die Zahnimplantate am Tag der Operation chirurgisch in Ihren Kieferknochen einsetzen. Die Prothesenz\u00e4hne werden durch diese Ger\u00e4te getragen. Ihr Komfort w\u00e4hrend des Eingriffs ist gew\u00e4hrleistet, da w\u00e4hrend der Operation eine \u00f6rtliche Bet\u00e4ubung oder eine Vollnarkose angewendet wird.<\/li>\n<li>Befestigung von Prothesenz\u00e4hnen: Am Tag nach dem Einsetzen der Implantate wird ein Satz personalisierter Prothesenz\u00e4hne daran befestigt. Diese k\u00fcnstlichen Z\u00e4hne werden sorgf\u00e4ltig hergestellt, um die Gr\u00f6\u00dfe, Form und Farbe Ihrer nat\u00fcrlichen Z\u00e4hne perfekt nachzuahmen und Ihrem L\u00e4cheln sofort ein strahlendes Aussehen zu verleihen.<\/li>\n<\/ul>\n<h2>Erholung<\/h2>\n<p>Nach dem Einsetzen von Zahnimplantaten am selben Tag erfolgt die Genesung normalerweise in zwei Phasen:<\/p>\n<ul>\n<li>Sofortige Genesung: Nach jedem chirurgischen Eingriff k\u00f6nnen Patienten in der ersten postoperativen Phase m\u00e4\u00dfige Beschwerden, \u00d6deme und Bluterg\u00fcsse versp\u00fcren. Zur Behandlung etwaiger Beschwerden verschreibt Ihnen Ihr Zahnarzt Schmerzmittel. Es wird empfohlen, w\u00e4hrend dieser Phase auf eine gute Zahnhygiene zu achten und weiche Lebensmittel zu sich zu nehmen.<\/li>\n<li>Langfristige Heilung: Es ist wichtig zu bedenken, dass Zahnimplantate \u00fcber mehrere Monate hinweg weiterhin in den Kieferknochen einwachsen, auch wenn Sie eine sofortige Wiederherstellung mit Zahnimplantaten am selben Tag erhalten. Um den langfristigen Erfolg der Implantate in dieser Zeit sicherzustellen, m\u00fcssen Sie sich an die Empfehlungen Ihres Zahnarztes halten und regelm\u00e4\u00dfig zu den geplanten Nachsorgeterminen erscheinen.<\/li>\n<\/ul>\n<p><img loading=\"lazy\" decoding=\"async\" src=\"https:\/\/egepoldental.com\/wp-content\/uploads\/2024\/02\/Same-Day-Dental-Implants-2.jpg\" alt=\"\" width=\"1140\" height=\"500\" \/><\/p>\n<h2>Vorteile von Zahnimplantaten am selben Tag in der T\u00fcrkei<\/h2>\n<ul>\n<li>Zeiteffizienz: F\u00fcr Menschen, denen Z\u00e4hne fehlen, sind Zahnimplantate noch am selben Tag eine schnelle und effektive Alternative. Implantate am selben Tag liefern sofort Ergebnisse, im Gegensatz zu herk\u00f6mmlichen Implantatverfahren, bei denen eine monatelange Heilung erforderlich ist, bevor die endg\u00fcltige Restauration erfolgt. Nach Ihrem Eingriff k\u00f6nnen Sie die Zahnarztpraxis mit einem strahlenderen L\u00e4cheln verlassen.<\/li>\n<li>Kosteneinsparungen: Die T\u00fcrkei ist daf\u00fcr bekannt, erstklassige zahn\u00e4rztliche Leistungen zu einem Bruchteil des Preises anzubieten, den Sie in anderen L\u00e4ndern zahlen k\u00f6nnten, einschlie\u00dflich Zahnimplantaten noch am selben Tag. Diese Zug\u00e4nglichkeit gew\u00e4hrleistet, dass ein breiteres Spektrum von Menschen qualitativ hochwertige Zahnrestaurationen erhalten kann.<\/li>\n<li>Qualifizierte Zahn\u00e4rzte: T\u00fcrkische Zahn\u00e4rzte sind hochqualifiziert und verf\u00fcgen h\u00e4ufig \u00fcber Qualifikationen aus anderen L\u00e4ndern. Englischkenntnisse t\u00fcrkischer Zahn\u00e4rzte tragen dazu bei, einen effektiven und klaren Kontakt zu ausl\u00e4ndischen Patienten zu gew\u00e4hrleisten. Ihre Kompetenz in den Bereichen Operationen am selben Tag und Implantologie stellt sicher, dass Sie die bestm\u00f6gliche Pflege erhalten.<\/li>\n<li>Moderne Technologie: T\u00fcrkische Zahnarztpraxen investieren regelm\u00e4\u00dfig in modernste Technologie und modernste Ausr\u00fcstung. Dieses Engagement f\u00fcr Innovation garantiert, dass Patienten die modernsten und wirksamsten verf\u00fcgbaren Therapien erhalten. Moderne Ger\u00e4te tragen dazu bei, die Genauigkeit und den Erfolg von Zahnimplantatbehandlungen am selben Tag sowie die Qualit\u00e4t Ihrer zahn\u00e4rztlichen Arbeit sicherzustellen.<\/li>\n<li>Tourismusm\u00f6glichkeiten: Die T\u00fcrkei ist nicht nur ein Ort f\u00fcr Zahnpflege; Es ist auch ein Ort mit einer reichen Kulturgeschichte und einer atemberaubenden Naturlandschaft. Ihre Zahnarztreise kann zu einem unvergesslichen Urlaub werden, indem Sie Ausfl\u00fcge zu historischen Sehensw\u00fcrdigkeiten wie der Hagia Sophia oder den Naturwundern Kappadokiens hinzuf\u00fcgen. Ihr L\u00e4cheln zu entwickeln und gleichzeitig die Wunder der T\u00fcrkei zu entdecken, ist eine umfassende Strategie, die unsch\u00e4tzbare Erinnerungen schafft.<\/li>\n<\/ul>\n<p>F\u00fcr Menschen, die eine schnelle Zahnrestauration anstreben, bieten Zahnimplantate am selben Tag in der T\u00fcrkei eine schnelle, erschwingliche und qualitativ hochwertige Option. Die T\u00fcrkei bietet ein ganzheitliches Zahnheilkundeerlebnis, das nicht nur Ihr L\u00e4cheln wiederbelebt, sondern Ihnen auch erm\u00f6glicht, die kulturelle Vielfalt und Natursch\u00f6nheiten dieses verf\u00fchrerischen Landes zu erkunden. Die T\u00fcrkei verf\u00fcgt \u00fcber qualifizierte Zahn\u00e4rzte, modernste Technologie und eine Vielzahl touristischer Alternativen. Die Wahl der T\u00fcrkei als Standort f\u00fcr Zahnimplantate am selben Tag ist nicht nur eine Investition in Ihr L\u00e4cheln, sondern auch eine Investition in lebenslange Erinnerungen.<\/p>\n<h2>Kosten f\u00fcr Zahnimplantate am selben Tag in der T\u00fcrkei<\/h2>\n<p>Die Erschwinglichkeit von Zahnimplantaten am selben Tag in der T\u00fcrkei ist eines ihrer verlockendsten Merkmale. T\u00fcrkische Zahnbehandlungen sind preisg\u00fcnstig und von hervorragender Qualit\u00e4t. Der Preis f\u00fcr Zahnimplantate am selben Tag kann je nach Art der verwendeten Materialien, der Schwierigkeit des Falles und dem Standort der Zahnarztpraxis variieren. Im Vergleich zu vielen westlichen L\u00e4ndern k\u00f6nnen Patienten in der T\u00fcrkei damit rechnen, im Durchschnitt viel weniger f\u00fcr Zahnimplantate am selben Tag zu bezahlen und gleichzeitig eine erstklassige Versorgung zu erhalten.<\/p>\n<p>[\/col]<br \/>\n[col span=&#8220;3&#8243; span__sm=&#8220;12&#8243; sticky=&#8220;true&#8220; visibility=&#8220;hide-for-medium&#8220;]<\/p>\n<p>[block id=&#8220;2644&#8243;]<\/p>\n<p>[\/col]<\/p>\n<p>[\/row]<br \/>\n[row]<\/p>\n<p>[col span__sm=&#8220;12&#8243;]<\/p>\n<p>[accordion title=&#8220;F.A.Q&#8220;]<\/p>\n<p>[accordion-item title=&#8220;Wie hoch ist die Lebensdauer eines Zahnimplantats am selben Tag?&#8220;]<\/p>\n<p>Zahnimplantate am selben Tag, auch Sofortlastimplantate genannt, haben eine mit herk\u00f6mmlichen Implantaten vergleichbare Lebensdauer und halten bei richtiger Pflege oft Jahrzehnte. Faktoren wie Mundhygiene, allgemeine Gesundheit und Einhaltung postoperativer Anweisungen beeinflussen die Langlebigkeit von Implantaten am selben Tag. Regelm\u00e4\u00dfige zahn\u00e4rztliche Kontrollen und Zahnwartungen sind unerl\u00e4sslich, um den Erfolg und die Haltbarkeit des Sofortbelastungsimplantats sicherzustellen.<\/p>\n<p>[\/accordion-item]<br \/>\n[accordion-item title=&#8220;Verursachen Zahnimplantate am selben Tag Schmerzen?&#8220;]<\/p>\n<p>W\u00e4hrend der Zahnimplantation am selben Tag erhalten die Patienten eine Lokalan\u00e4sthesie, wodurch Schmerzen und Beschwerden minimiert werden. Zwar kann es nach der Operation zu Schwellungen und leichten Beschwerden kommen, diese lassen sich jedoch in der Regel gut mit verschriebenen Medikamenten behandeln. Die meisten Patienten berichten von vor\u00fcbergehenden Schmerzen, die mit fortschreitender Heilung nachlassen. Zahnimplantate am selben Tag sollen im Vergleich zu herk\u00f6mmlichen Implantationsverfahren einen komfortableren und schnelleren Prozess erm\u00f6glichen.<\/p>\n<p>[\/accordion-item]<br \/>\n[accordion-item title=&#8220;Gibt es ernsthafte Probleme nach Zahnimplantaten am selben Tag?&#8220;]<\/p>\n<p>Obwohl selten, k\u00f6nnen potenzielle Probleme nach Zahnimplantaten am selben Tag Infektionen, Implantatversagen oder Bedenken im Zusammenhang mit der Prothese sein. Die Einhaltung der postoperativen Pflegeanweisungen, die Teilnahme an regelm\u00e4\u00dfigen Nachsorgeterminen und die Aufrechterhaltung der Mundhygiene sind entscheidend, um ernsthaften Problemen vorzubeugen. Das schnelle Eingreifen von Zahn\u00e4rzten gew\u00e4hrleistet die L\u00f6sung auftretender Probleme und tr\u00e4gt zum langfristigen Erfolg von Zahnimplantatrestaurationen am selben Tag bei.<\/p>\n<p>[\/accordion-item]<br \/>\n[accordion-item title=&#8220;Warum sind Zahnimplantate am selben Tag in der T\u00fcrkei g\u00fcnstiger?&#8220;]<\/p>\n<p>Die Kosteneffizienz von Zahnimplantaten am selben Tag in der T\u00fcrkei kann auf Faktoren wie niedrigere Arbeitskosten, Betriebskosten und g\u00fcnstige Wechselkurse zur\u00fcckgef\u00fchrt werden. Seri\u00f6se Kliniken in der T\u00fcrkei bieten h\u00e4ufig wettbewerbsf\u00e4hige Pakete an, wodurch Zahnimplantate am selben Tag f\u00fcr internationale Patienten erschwinglicher werden. F\u00fcr Einzelpersonen ist es wichtig, akkreditierte Kliniken mit erfahrenen Fachleuten zu w\u00e4hlen, um die Qualit\u00e4t und Sicherheit der Zahnimplantation am selben Tag zu gew\u00e4hrleisten.<\/p>\n<p>[\/accordion-item]<\/p>\n<p>[\/accordion]<\/p>\n<p>[\/col]<\/p>\n<p>[\/row]<\/p>\n<p>[\/section]<\/p>\n","protected":false},"excerpt":{"rendered":"<p>[section bg=&#8220;4435&#8243; bg_size=&#8220;2048&#215;2048&#8243; bg_pos=&#8220;center right&#8220; padding=&#8220;0px&#8220; height=&#8220;500px&#8220; height__sm=&#8220;200px&#8220;] [row col_bg_radius=&#8220;20&#8243; visibility=&#8220;hide-for-small&#8220;] [col span=&#8220;5&#8243; span__sm=&#8220;12&#8243; padding=&#8220;20px 50px 20px 50px&#8220; bg_color=&#8220;rgba(33, 54, 96, 0.965)&#8220; border=&#8220;0px 0px 10px 0px&#8220; border_radius=&#8220;20&#8243; border_color=&#8220;rgb(237, 97, 41)&#8220;] [page_header style=&#8220;simple&#8220; align=&#8220;center&#8220; title_size=&#8220;larger&#8220; nav_style=&#8220;simple&#8220;] [\/col] [\/row] [\/section] [section padding=&#8220;60px&#8220; padding__sm=&#8220;20px&#8220;] [row col_bg_radius=&#8220;20&#8243; visibility=&#8220;show-for-small&#8220;] [col span=&#8220;5&#8243; span__sm=&#8220;12&#8243; padding=&#8220;0px 50px 0px 50px&#8220; bg_color=&#8220;rgba(33, 54, 96, 0.965)&#8220; [&hellip;]<\/p>\n","protected":false},"author":1,"featured_media":4435,"parent":4617,"menu_order":0,"comment_status":"closed","ping_status":"closed","template":"page-blank.php","meta":{"footnotes":""},"_links":{"self":[{"href":"https:\/\/egepoldental.com\/de\/wp-json\/wp\/v2\/pages\/4639"}],"collection":[{"href":"https:\/\/egepoldental.com\/de\/wp-json\/wp\/v2\/pages"}],"about":[{"href":"https:\/\/egepoldental.com\/de\/wp-json\/wp\/v2\/types\/page"}],"author":[{"embeddable":true,"href":"https:\/\/egepoldental.com\/de\/wp-json\/wp\/v2\/users\/1"}],"replies":[{"embeddable":true,"href":"https:\/\/egepoldental.com\/de\/wp-json\/wp\/v2\/comments?post=4639"}],"version-history":[{"count":3,"href":"https:\/\/egepoldental.com\/de\/wp-json\/wp\/v2\/pages\/4639\/revisions"}],"predecessor-version":[{"id":4643,"href":"https:\/\/egepoldental.com\/de\/wp-json\/wp\/v2\/pages\/4639\/revisions\/4643"}],"up":[{"embeddable":true,"href":"https:\/\/egepoldental.com\/de\/wp-json\/wp\/v2\/pages\/4617"}],"wp:featuredmedia":[{"embeddable":true,"href":"https:\/\/egepoldental.com\/de\/wp-json\/wp\/v2\/media\/4435"}],"wp:attachment":[{"href":"https:\/\/egepoldental.com\/de\/wp-json\/wp\/v2\/media?parent=4639"}],"curies":[{"name":"wp","href":"https:\/\/api.w.org\/{rel}","templated":true}]}}