{"id":4708,"date":"2024-02-27T16:07:09","date_gmt":"2024-02-27T13:07:09","guid":{"rendered":"https:\/\/egepoldental.com\/?page_id=4708"},"modified":"2024-03-27T09:03:23","modified_gmt":"2024-03-27T06:03:23","slug":"harzfurniere","status":"publish","type":"page","link":"https:\/\/egepoldental.com\/de\/zahnveneers\/harzfurniere\/","title":{"rendered":"Harzfurnierein Izmir, T\u00fcrkei"},"content":{"rendered":"<p>[section bg=&#8220;4538&#8243; bg_size=&#8220;2048&#215;2048&#8243; bg_pos=&#8220;center right&#8220; padding=&#8220;0px&#8220; height=&#8220;500px&#8220; height__sm=&#8220;200px&#8220;]<\/p>\n<p>[row col_bg_radius=&#8220;20&#8243; visibility=&#8220;hide-for-small&#8220;]<\/p>\n<p>[col span=&#8220;5&#8243; span__sm=&#8220;12&#8243; padding=&#8220;20px 50px 20px 50px&#8220; bg_color=&#8220;rgba(33, 54, 96, 0.965)&#8220; border=&#8220;0px 0px 10px 0px&#8220; border_radius=&#8220;20&#8243; border_color=&#8220;rgb(237, 97, 41)&#8220;]<\/p>\n<p>[page_header style=&#8220;simple&#8220; align=&#8220;center&#8220; title_size=&#8220;larger&#8220; nav_style=&#8220;simple&#8220;]<\/p>\n<p>[\/col]<\/p>\n<p>[\/row]<\/p>\n<p>[\/section]<br \/>\n[section padding=&#8220;60px&#8220; padding__sm=&#8220;20px&#8220;]<\/p>\n<p>[row col_bg_radius=&#8220;20&#8243; visibility=&#8220;show-for-small&#8220;]<\/p>\n<p>[col span=&#8220;5&#8243; span__sm=&#8220;12&#8243; padding=&#8220;0px 50px 0px 50px&#8220; bg_color=&#8220;rgba(33, 54, 96, 0.965)&#8220; border=&#8220;0px 0px 10px 0px&#8220; border_radius=&#8220;20&#8243; border_color=&#8220;rgb(237, 97, 41)&#8220;]<\/p>\n<p>[page_header style=&#8220;simple&#8220; align=&#8220;center&#8220; title_size=&#8220;larger&#8220; nav_style=&#8220;simple&#8220;]<\/p>\n<p>[\/col]<\/p>\n<p>[\/row]<br \/>\n[row]<\/p>\n<p>[col span=&#8220;9&#8243; span__sm=&#8220;12&#8243;]<\/p>\n<p>Ein strahlendes L\u00e4cheln ist ein bew\u00e4hrter Ausdruck von Fr\u00f6hlichkeit und Selbstbewusstsein. Kunstharzveneers sind eine flexible und effektive Option f\u00fcr Menschen, die ihr L\u00e4cheln verbessern m\u00f6chten. In diesem Artikel tauchen wir in die Welt der Kunstharzfurniere ein und besprechen, was sie sind, wie man sie bekommt, was man danach im Hinblick auf die Genesung erwartet, wie viel sie kosten und welche besonderen Vorteile es mit sich bringt, f\u00fcr dieses L\u00e4cheln in die T\u00fcrkei zu reisen. Verbesserung der zahn\u00e4rztlichen Operation.<\/p>\n<h2>Harzfurniere verstehen<\/h2>\n<p>Kunstharzveneers, allgemein als Kompositveneers bezeichnet, sind d\u00fcnne Schalen aus Kompositharz in einer zahnfarbenen T\u00f6nung. Diese Veneers werden speziell f\u00fcr die Passung auf die Vorderfl\u00e4chen der Z\u00e4hne hergestellt, wodurch \u00e4sthetische M\u00e4ngel wirksam verborgen werden und das Gesamtbild des L\u00e4chelns verbessert wird. Kunstharzveneers sind f\u00fcr ihre Anpassungsf\u00e4higkeit bekannt, was sie zu einer gro\u00dfartigen Option zur Behandlung einer Vielzahl kosmetischer Probleme macht, darunter Verf\u00e4rbungen, Absplitterungen, L\u00fccken, Fehlausrichtungen und ungleichm\u00e4\u00dfige Formen. Harzfurniere f\u00fchren dank ihres nat\u00fcrlichen Aussehens und der robusten Oberfl\u00e4che zu erstaunlichen Ergebnissen, die das Selbstvertrauen und das Selbstwertgef\u00fchl steigern.<\/p>\n<p><img loading=\"lazy\" decoding=\"async\" class=\"alignnone size-full wp-image-3132\" src=\"https:\/\/egepoldental.com\/wp-content\/uploads\/2024\/02\/Resin-Veneers-1.jpg\" alt=\"\" width=\"1140\" height=\"500\" srcset=\"https:\/\/egepoldental.com\/wp-content\/uploads\/2024\/02\/Resin-Veneers-1.jpg 1140w, https:\/\/egepoldental.com\/wp-content\/uploads\/2024\/02\/Resin-Veneers-1-800x351.jpg 800w, https:\/\/egepoldental.com\/wp-content\/uploads\/2024\/02\/Resin-Veneers-1-768x337.jpg 768w\" sizes=\"(max-width: 1140px) 100vw, 1140px\" \/><\/p>\n<h2>Das Verfahren f\u00fcr Harzfurniere<\/h2>\n<p>Der Erhalt von Veneers aus Kunstharz umfasst in der Regel die folgenden Schritte:<\/p>\n<ul>\n<li>Beratung und L\u00e4chelnanalyse: Der erste Schritt auf Ihrem Weg zu einem sch\u00f6nen L\u00e4cheln besteht darin, einen Beratungstermin mit einem erfahrenen Zahnarzt zu vereinbaren. Bei diesem ersten Termin besprechen Sie Ihre Ziele f\u00fcr ein L\u00e4cheln und der Zahnarzt beurteilt Ihre Mundgesundheit und die Eignung f\u00fcr Kunststoffveneers.<\/li>\n<li>Individualisierung und Abdruck: Kunststoffveneers werden entsprechend Ihrer angegebenen Gr\u00f6\u00dfe, Form und Farbe anhand von Abdr\u00fccken Ihrer Z\u00e4hne angefertigt. F\u00fcr ein harmonisches Erscheinungsbild sorgt die Individualisierung daf\u00fcr, dass sich die Veneers perfekt an Ihre nat\u00fcrlichen Z\u00e4hne anpassen.<\/li>\n<li>Minimale bis keine Zahnvorbereitung: Kunstharzveneers sind eine konservative Alternative, da sie h\u00e4ufig nur eine geringe oder gar keine Zahnvorbereitung erfordern. Gelegentlich muss m\u00f6glicherweise eine kleine Menge Zahnschmelz entfernt werden, abh\u00e4ngig von den Z\u00e4hnen der Person und der Art der Veneers, f\u00fcr die sie sich entscheiden.<\/li>\n<li>Schichtweise Anwendung: Um die Veneers in die richtige Form zu bringen, werden Schichten aus Kompositharz auf die Z\u00e4hne aufgetragen. Um das ideale \u00e4sthetische Ergebnis zu erzielen, erfordert diese Phase Fingerfertigkeit und k\u00fcnstlerisches K\u00f6nnen.<\/li>\n<li>Aush\u00e4rtung und Bindung: Um das Komposit haltbarer und stabiler zu machen, wird es mit einem speziellen Licht ausgeh\u00e4rtet bzw. ausgeh\u00e4rtet. Anschlie\u00dfend werden die Veneers fest mit Ihren Z\u00e4hnen verbunden.<br \/>Abschlie\u00dfende Verfeinerung: Ihr Zahnarzt nimmt die erforderlichen Korrekturen vor, um eine perfekte Passform und ein nat\u00fcrliches Aussehen zu gew\u00e4hrleisten. Um das Aussehen nat\u00fcrlicher Z\u00e4hne nachzuahmen, werden die Veneers hochglanzpoliert.<\/li>\n<\/ul>\n<h2>Erholung nach Kunstharzfurnieren<\/h2>\n<p>Nach dem Einsetzen von Kunstharzveneers ist die Heilungszeit kurz. Die Patienten versp\u00fcren m\u00f6glicherweise eine gewisse Empfindlichkeit, die jedoch in der Regel nach ein paar Tagen verschwindet. Vermeiden Sie in dieser Zeit am besten sehr hei\u00dfe oder kalte Speisen und Getr\u00e4nke. Damit Ihre Kunststoffveneers lange halten und gut aussehen, sind regelm\u00e4\u00dfige Mundhygienema\u00dfnahmen und Folgebesuche beim Zahnarzt unerl\u00e4sslich.<\/p>\n<p><img loading=\"lazy\" decoding=\"async\" class=\"alignnone size-full wp-image-3131\" src=\"https:\/\/egepoldental.com\/wp-content\/uploads\/2024\/02\/Resin-Veneers-2.jpg\" alt=\"\" width=\"1140\" height=\"500\" srcset=\"https:\/\/egepoldental.com\/wp-content\/uploads\/2024\/02\/Resin-Veneers-2.jpg 1140w, https:\/\/egepoldental.com\/wp-content\/uploads\/2024\/02\/Resin-Veneers-2-800x351.jpg 800w, https:\/\/egepoldental.com\/wp-content\/uploads\/2024\/02\/Resin-Veneers-2-768x337.jpg 768w\" sizes=\"(max-width: 1140px) 100vw, 1140px\" \/><\/p>\n<h2>Vorteile der Entscheidung f\u00fcr die T\u00fcrkei f\u00fcr Harzfurniere<\/h2>\n<ul>\n<li>Kosteng\u00fcnstige Exzellenz: Ein strahlendes L\u00e4cheln zum Greifen nah<br \/>Die T\u00fcrkei genie\u00dft den guten Ruf, hervorragende Zahnpflege zu erschwinglichen Preisen anzubieten. Aufgrund der Zug\u00e4nglichkeit k\u00f6nnen Menschen ein sch\u00f6nes L\u00e4cheln haben, ohne ihr Budget zu sprengen, und erhalten so ein unglaubliches Preis-Leistungs-Verh\u00e4ltnis. Wenn Sie sich f\u00fcr die T\u00fcrkei f\u00fcr Ihre Kunststoffveneers entscheiden, k\u00f6nnen Sie das L\u00e4cheln Ihrer Tr\u00e4ume haben und gleichzeitig eine sinnvolle finanzielle Investition in Ihre Mundgesundheit t\u00e4tigen.<\/li>\n<li>Erfahrene Zahn\u00e4rzte und fortschrittliche Technologie: F\u00fchrend in der kosmetischen Zahnheilkunde <br \/>T\u00fcrkische Zahn\u00e4rzte sind auf der ganzen Welt f\u00fcr ihre hohe Kompetenz und ihr Engagement bekannt, mit den neuesten Entwicklungen in der \u00e4sthetischen Zahnmedizin auf dem Laufenden zu bleiben. Dank ihres Fachwissens in der Kunst und Wissenschaft der L\u00e4chelnverbesserung und dem Einsatz modernster Werkzeuge und Methoden erhalten Sie eine erstklassige Betreuung. T\u00fcrkische Zahn\u00e4rzte verf\u00fcgen \u00fcber das n\u00f6tige Wissen und die n\u00f6tige Genauigkeit, um Veneers aus Kunstharz herzustellen, die nicht nur ein atemberaubendes Aussehen haben, sondern auch lange halten.<\/li>\n<li>Kultur- und Naturwunder: Eine bereichernde Erfahrung<br \/>Wenn Sie sich f\u00fcr die T\u00fcrkei f\u00fcr Ihre Kunststoffveneers entscheiden, haben Sie die einmalige Chance, Ihre zahnmedizinische Reise mit einem bereichernden Urlaub zu verbinden. Die T\u00fcrkei ist eine wahre Schatzkammer von historischer Bedeutung, faszinierender Kultur und spektakul\u00e4rer Natursch\u00f6nheit. Entdecken Sie historische Wunder wie die Blaue Moschee und Ephesus, bewundern Sie die Pracht der Mittelmeerk\u00fcste und lassen Sie sich von der t\u00fcrkischen K\u00fcche verw\u00f6hnen. Ihre Zahnpflege wird mehr als nur ein Prozess; Es entwickelt sich zu einer spannenden Reise, die Ihren Horizont erweitert und Ihre Sinne weckt.<\/li>\n<li>Moderne Einrichtungen und effizienter Service: Qualit\u00e4t trifft auf Komfort<br \/>T\u00fcrkische Zahnkliniken sind mit modernster Ausr\u00fcstung ausgestattet, die den globalen Standards f\u00fcr Patientenversorgung und Hygiene entspricht. Der Einsatz modernster Technologie in Zusammenarbeit mit erfahrenen Zahn\u00e4rzten garantiert eine effektive und pr\u00e4zise Behandlung. Dar\u00fcber hinaus bietet die T\u00fcrkei ein Ma\u00df an Komfort, das in anderen L\u00e4ndern aufgrund der k\u00fcrzeren Wartezeiten f\u00fcr zahn\u00e4rztliche Eingriffe m\u00f6glicherweise nicht leicht zu erreichen ist. Mit dieser effektiven Strategie erhalten Sie m\u00f6glicherweise rechtzeitig eine zahn\u00e4rztliche Versorgung, wodurch die Ver\u00e4nderung Ihres L\u00e4chelns einfach und problemlos verl\u00e4uft.<\/li>\n<\/ul>\n<h2>Kosten f\u00fcr Harzfurniere in der T\u00fcrkei<\/h2>\n<p>Die Erschwinglichkeit von Kunstharzfurnieren aus der T\u00fcrkei ist einer der Hauptvorteile des Landes. Kunstharzveneers sind in der T\u00fcrkei h\u00e4ufig g\u00fcnstiger als in vielen westlichen L\u00e4ndern, sodass der Zugang zu hochwertiger Zahnpflege ohne gro\u00dfe finanzielle Belastung m\u00f6glich ist. Die Gesamtkosten k\u00f6nnen je nach Komplexit\u00e4t des Falles, der Anzahl der ben\u00f6tigten Veneers, dem Ruf und Standort der Klinik usw. variieren.<\/p>\n<p>[\/col]<br \/>\n[col span=&#8220;3&#8243; span__sm=&#8220;12&#8243; sticky=&#8220;true&#8220; visibility=&#8220;hide-for-medium&#8220;]<\/p>\n<p>[block id=&#8220;2644&#8243;]<\/p>\n<p>[\/col]<\/p>\n<p>[\/row]<br \/>\n[row]<\/p>\n<p>[col span__sm=&#8220;12&#8243;]<\/p>\n<p>[accordion title=&#8220;F.A.Q&#8220;]<\/p>\n<p>[accordion-item title=&#8220;Wie hoch ist die Lebensdauer von Kunstharzfurnieren?&#8220;]<\/p>\n<p>Harzveneers haben im Allgemeinen eine Lebensdauer von 5 bis 10 Jahren oder mehr, abh\u00e4ngig von Faktoren wie Mundhygiene, Ern\u00e4hrung und allgemeiner Zahngesundheit. Regelm\u00e4\u00dfige zahn\u00e4rztliche Kontrolluntersuchungen und die richtige Pflege tragen zu einer l\u00e4ngeren Lebensdauer von Kunststoffveneers bei und bieten Patienten eine erschwingliche und \u00e4sthetisch ansprechende Verbesserung des L\u00e4chelns.<\/p>\n<p>[\/accordion-item]<br \/>\n[accordion-item title=&#8220;Schmerzen Kunstharzfurniere?&#8220;]<\/p>\n<p>Die Herstellung von Veneers aus Kunstharz ist im Allgemeinen schmerzlos. Da es sich um eine minimale Zahnreduktion handelt, ist eine \u00f6rtliche Bet\u00e4ubung oft nicht erforderlich. Nach der Implantation sind die Beschwerden in der Regel minimal und vor\u00fcbergehend und k\u00f6nnen mit rezeptfreien Schmerzmitteln beherrschbar sein.<\/p>\n<p>[\/accordion-item]<br \/>\n[accordion-item title=&#8220;Gibt es ernsthafte Probleme nach der Behandlung mit Kunstharzfurnieren?&#8220;]<\/p>\n<p>Schwerwiegende Probleme nach Kunststoffveneers sind selten. M\u00f6gliche Probleme k\u00f6nnen kleinere Anpassungen oder Reparaturbedarf sein. Die Einhaltung der Pflegeanweisungen nach dem Einsetzen, das Vermeiden von Gewohnheiten, die Veneers sch\u00e4digen k\u00f6nnten, und die Teilnahme an regelm\u00e4\u00dfigen zahn\u00e4rztlichen Kontrolluntersuchungen sind entscheidend, um ernsthaften Problemen vorzubeugen. Eine rechtzeitige Konsultation mit einem Zahnarzt kann aufkommende Probleme l\u00f6sen und den langfristigen Erfolg von Kunststoffveneers sicherstellen.<\/p>\n<p>[\/accordion-item]<br \/>\n[accordion-item title=&#8220;Warum sind Kunstharzfurniere in der T\u00fcrkei g\u00fcnstiger?&#8220;]<\/p>\n<p>Die Kosteneffizienz von Kunstharzfurnieren in der T\u00fcrkei wird durch niedrigere Arbeitskosten, Betriebskosten und g\u00fcnstige Wechselkurse beeinflusst. Seri\u00f6se Zahnkliniken in der T\u00fcrkei bieten wettbewerbsf\u00e4hige Preise f\u00fcr Kunstharzveneers ohne Kompromisse bei der Qualit\u00e4t. Die Erschwinglichkeit macht die T\u00fcrkei zu einem attraktiven Reiseziel f\u00fcr Personen, die hochwertige und kosteng\u00fcnstige kosmetische Zahnverbesserungen suchen. Durch die Wahl akkreditierter Kliniken mit erfahrenen Fachleuten wird sichergestellt, dass Patienten erschwingliche Veneers aus Kunstharz erhalten, ohne Kompromisse bei Sicherheit oder \u00c4sthetik eingehen zu m\u00fcssen.<\/p>\n<p>[\/accordion-item]<\/p>\n<p>[\/accordion]<\/p>\n<p>[\/col]<\/p>\n<p>[\/row]<\/p>\n<p>[\/section]<\/p>\n","protected":false},"excerpt":{"rendered":"<p>[section bg=&#8220;4538&#8243; bg_size=&#8220;2048&#215;2048&#8243; bg_pos=&#8220;center right&#8220; padding=&#8220;0px&#8220; height=&#8220;500px&#8220; height__sm=&#8220;200px&#8220;] [row col_bg_radius=&#8220;20&#8243; visibility=&#8220;hide-for-small&#8220;] [col span=&#8220;5&#8243; span__sm=&#8220;12&#8243; padding=&#8220;20px 50px 20px 50px&#8220; bg_color=&#8220;rgba(33, 54, 96, 0.965)&#8220; border=&#8220;0px 0px 10px 0px&#8220; border_radius=&#8220;20&#8243; border_color=&#8220;rgb(237, 97, 41)&#8220;] [page_header style=&#8220;simple&#8220; align=&#8220;center&#8220; title_size=&#8220;larger&#8220; nav_style=&#8220;simple&#8220;] [\/col] [\/row] [\/section] [section padding=&#8220;60px&#8220; padding__sm=&#8220;20px&#8220;] [row col_bg_radius=&#8220;20&#8243; visibility=&#8220;show-for-small&#8220;] [col span=&#8220;5&#8243; span__sm=&#8220;12&#8243; padding=&#8220;0px 50px 0px 50px&#8220; bg_color=&#8220;rgba(33, 54, 96, 0.965)&#8220; [&hellip;]<\/p>\n","protected":false},"author":1,"featured_media":4538,"parent":4675,"menu_order":0,"comment_status":"closed","ping_status":"closed","template":"page-blank.php","meta":{"footnotes":""},"_links":{"self":[{"href":"https:\/\/egepoldental.com\/de\/wp-json\/wp\/v2\/pages\/4708"}],"collection":[{"href":"https:\/\/egepoldental.com\/de\/wp-json\/wp\/v2\/pages"}],"about":[{"href":"https:\/\/egepoldental.com\/de\/wp-json\/wp\/v2\/types\/page"}],"author":[{"embeddable":true,"href":"https:\/\/egepoldental.com\/de\/wp-json\/wp\/v2\/users\/1"}],"replies":[{"embeddable":true,"href":"https:\/\/egepoldental.com\/de\/wp-json\/wp\/v2\/comments?post=4708"}],"version-history":[{"count":3,"href":"https:\/\/egepoldental.com\/de\/wp-json\/wp\/v2\/pages\/4708\/revisions"}],"predecessor-version":[{"id":4712,"href":"https:\/\/egepoldental.com\/de\/wp-json\/wp\/v2\/pages\/4708\/revisions\/4712"}],"up":[{"embeddable":true,"href":"https:\/\/egepoldental.com\/de\/wp-json\/wp\/v2\/pages\/4675"}],"wp:featuredmedia":[{"embeddable":true,"href":"https:\/\/egepoldental.com\/de\/wp-json\/wp\/v2\/media\/4538"}],"wp:attachment":[{"href":"https:\/\/egepoldental.com\/de\/wp-json\/wp\/v2\/media?parent=4708"}],"curies":[{"name":"wp","href":"https:\/\/api.w.org\/{rel}","templated":true}]}}