{"id":4713,"date":"2024-02-27T16:07:03","date_gmt":"2024-02-27T13:07:03","guid":{"rendered":"https:\/\/egepoldental.com\/?page_id=4713"},"modified":"2024-03-27T09:07:22","modified_gmt":"2024-03-27T06:07:22","slug":"abnehmbare-veneers","status":"publish","type":"page","link":"https:\/\/egepoldental.com\/de\/zahnveneers\/abnehmbare-veneers\/","title":{"rendered":"Abnehmbare Veneers in Izmir, T\u00fcrkei"},"content":{"rendered":"<p>[section bg=&#8220;4536&#8243; bg_size=&#8220;2048&#215;2048&#8243; bg_pos=&#8220;100% 100%&#8220; padding=&#8220;0px&#8220; height=&#8220;500px&#8220; height__sm=&#8220;200px&#8220;]<\/p>\n<p>[row col_bg_radius=&#8220;20&#8243; visibility=&#8220;hide-for-small&#8220;]<\/p>\n<p>[col span=&#8220;5&#8243; span__sm=&#8220;12&#8243; padding=&#8220;20px 50px 20px 50px&#8220; bg_color=&#8220;rgba(33, 54, 96, 0.965)&#8220; border=&#8220;0px 0px 10px 0px&#8220; border_radius=&#8220;20&#8243; border_color=&#8220;rgb(237, 97, 41)&#8220;]<\/p>\n<p>[page_header style=&#8220;simple&#8220; align=&#8220;center&#8220; title_size=&#8220;larger&#8220; nav_style=&#8220;simple&#8220;]<\/p>\n<p>[\/col]<\/p>\n<p>[\/row]<\/p>\n<p>[\/section]<br \/>\n[section padding=&#8220;60px&#8220; padding__sm=&#8220;20px&#8220;]<\/p>\n<p>[row col_bg_radius=&#8220;20&#8243; visibility=&#8220;show-for-small&#8220;]<\/p>\n<p>[col span=&#8220;5&#8243; span__sm=&#8220;12&#8243; padding=&#8220;0px 50px 0px 50px&#8220; bg_color=&#8220;rgba(33, 54, 96, 0.965)&#8220; border=&#8220;0px 0px 10px 0px&#8220; border_radius=&#8220;20&#8243; border_color=&#8220;rgb(237, 97, 41)&#8220;]<\/p>\n<p>[page_header style=&#8220;simple&#8220; align=&#8220;center&#8220; title_size=&#8220;larger&#8220; nav_style=&#8220;simple&#8220;]<\/p>\n<p>[\/col]<\/p>\n<p>[\/row]<br \/>\n[row]<\/p>\n<p>[col span=&#8220;9&#8243; span__sm=&#8220;12&#8243;]<\/p>\n<p>Ihr Tag kann sch\u00f6ner werden und Ihr Selbstvertrauen kann durch ein atemberaubendes L\u00e4cheln gest\u00e4rkt werden. Eine nicht-invasive M\u00f6glichkeit, Ihr L\u00e4cheln zu verbessern, sind herausnehmbare Veneers, eine hochmoderne Zahnbehandlung. Dieser Artikel befasst sich mit abnehmbaren Veneers und beschreibt, was sie sind, wie sie funktionieren, wie viel sie kosten, wie Sie sich nach der Anschaffung erholen und welche besonderen Vorteile eine Reise in die T\u00fcrkei f\u00fcr dieses hochmoderne Zahnverfahren mit sich bringt.<\/p>\n<h2>Herausnehmbare Veneers verstehen<\/h2>\n<p>Herausnehmbare Veneers, allgemein als Snap-On- oder Clip-On-Veneers bezeichnet, sind unglaublich d\u00fcnne, individuell angefertigte Dentalger\u00e4te, die so hergestellt werden, dass sie \u00fcber Ihre nat\u00fcrlichen Z\u00e4hne passen. Herausnehmbare Veneers sind eine kurzfristige und minimalinvasive Alternative zu herk\u00f6mmlichen Veneers, die dauerhaft auf Ihre Z\u00e4hne zementiert werden. Sie sind eine gro\u00dfartige Option f\u00fcr Menschen, die eine schnelle und schmerzlose M\u00f6glichkeit suchen, ihr L\u00e4cheln zu verbessern, ohne dass zahn\u00e4rztliche Eingriffe durchgef\u00fchrt werden m\u00fcssen.<\/p>\n<p><img loading=\"lazy\" decoding=\"async\" class=\"alignnone size-full wp-image-3135\" src=\"https:\/\/egepoldental.com\/wp-content\/uploads\/2024\/02\/Removable-Veneers-1.jpg\" alt=\"\" width=\"1140\" height=\"500\" srcset=\"https:\/\/egepoldental.com\/wp-content\/uploads\/2024\/02\/Removable-Veneers-1.jpg 1140w, https:\/\/egepoldental.com\/wp-content\/uploads\/2024\/02\/Removable-Veneers-1-800x351.jpg 800w, https:\/\/egepoldental.com\/wp-content\/uploads\/2024\/02\/Removable-Veneers-1-768x337.jpg 768w\" sizes=\"(max-width: 1140px) 100vw, 1140px\" \/><\/p>\n<h2>Wie abnehmbare Furniere funktionieren<\/h2>\n<p>Der Prozess zur Herstellung herausnehmbarer Veneers umfasst normalerweise die folgenden Schritte:<\/p>\n<ul>\n<li>Beratung und Abdruck: Ihre Reise zu einem neuen L\u00e4cheln beginnt mit einer Beratung durch einen qualifizierten Zahnarzt oder Zahntechniker. Bei Ihrem ersten Termin besprechen Sie Ihre Erwartungen und Ziele f\u00fcr Ihr L\u00e4cheln. Der n\u00e4chste Schritt besteht darin, Abdr\u00fccke oder Abdr\u00fccke Ihrer Z\u00e4hne zu nehmen, damit individuelle herausnehmbare Veneers angefertigt werden k\u00f6nnen, die die richtige Gr\u00f6\u00dfe, Form und Farbe f\u00fcr Ihre Z\u00e4hne haben.<\/li>\n<li>Herstellung und Anpassung: Zahntechniker erstellen anhand Ihrer Abdr\u00fccke Ihre individuellen herausnehmbaren Veneers. Sobald alle Vorbereitungen getroffen sind, vereinbaren Sie einen Anpasstermin, um eine exakte und bequeme Passform zu gew\u00e4hrleisten. Alle \u00c4nderungen, die erforderlich sind, um das gew\u00fcnschte Erscheinungsbild zu erzielen, werden vorgenommen.<\/li>\n<li>Snap-On-Anwendung: Herausnehmbare Veneers werden mit winzigen Clips oder Druckkn\u00f6pfen hergestellt, die fest auf Ihren nat\u00fcrlichen Z\u00e4hnen sitzen. Sie lassen sich einfach an- und ausziehen. Sie sind eine praktische und vor\u00fcbergehende M\u00f6glichkeit, Ihr L\u00e4cheln zu verbessern.<\/li>\n<\/ul>\n<h2>Erholung nach abnehmbaren Veneers<\/h2>\n<p>Nach dem Einsatz abnehmbarer Veneers ist nur eine kurze Erholungszeit erforderlich. Schon nach der Anpassung k\u00f6nnen Sie von Ihrem sch\u00f6nen L\u00e4cheln profitieren, da keine aufdringlichen Behandlungen erforderlich sind. Anfangs k\u00f6nnten Sie sich ein wenig eng oder unwohl f\u00fchlen, aber wenn Sie sich daran gew\u00f6hnen, sie zu tragen, sollte das verschwinden. Damit Ihre herausnehmbaren Veneers lange sch\u00f6n aussehen und halten, ist es wichtig, dass Sie sich an die Nachsorgeanweisungen Ihres Zahnarztes oder Zahntechnikers halten.<\/p>\n<p><img loading=\"lazy\" decoding=\"async\" class=\"alignnone size-full wp-image-3134\" src=\"https:\/\/egepoldental.com\/wp-content\/uploads\/2024\/02\/Removable-Veneers-2.jpg\" alt=\"\" width=\"1140\" height=\"500\" srcset=\"https:\/\/egepoldental.com\/wp-content\/uploads\/2024\/02\/Removable-Veneers-2.jpg 1140w, https:\/\/egepoldental.com\/wp-content\/uploads\/2024\/02\/Removable-Veneers-2-800x351.jpg 800w, https:\/\/egepoldental.com\/wp-content\/uploads\/2024\/02\/Removable-Veneers-2-768x337.jpg 768w\" sizes=\"(max-width: 1140px) 100vw, 1140px\" \/><\/p>\n<h2>Vorteile der Entscheidung f\u00fcr die T\u00fcrkei f\u00fcr abnehmbare Furniere<\/h2>\n<p>Die T\u00fcrkei ist eine gute Wahl, wenn Sie herausnehmbare Furniere w\u00fcnschen, da sie \u00fcber den Preis hinaus eine Reihe von Vorteilen bietet. Hier erfahren Sie genauer, warum die T\u00fcrkei der beste Standort f\u00fcr Ihre Reise zur Anschaffung abnehmbarer Furniere ist:<\/p>\n<ul>\n<li><strong>Kosteng\u00fcnstiger Komfort: Ein strahlendes L\u00e4cheln zum Greifen nah<\/strong><\/li>\n<\/ul>\n<p>Die T\u00fcrkei genie\u00dft den guten Ruf, hervorragende Zahnpflege zu erschwinglichen Preisen anzubieten. Diese Zug\u00e4nglichkeit macht erstklassige zahn\u00e4rztliche Versorgung einem breiteren Spektrum von Menschen zug\u00e4nglich und garantiert, dass Menschen ein sch\u00f6nes L\u00e4cheln erreichen k\u00f6nnen, ohne ihr Budget zu sprengen. Sie k\u00f6nnen in Ihre Zahngesundheit investieren und ein au\u00dfergew\u00f6hnliches Preis-Leistungs-Verh\u00e4ltnis erhalten, wenn Sie sich f\u00fcr die T\u00fcrkei f\u00fcr Ihre abnehmbaren Veneers entscheiden. Diese Erschwinglichkeit erm\u00f6glicht es Ihnen, sich \u00fcber modernste Zahnbehandlungen zu informieren, ohne sich mit steigenden Schulden belasten zu m\u00fcssen, und garantiert so ein absolut atemberaubendes L\u00e4cheln.<\/p>\n<ul>\n<li><strong>Kompetente Zahntechniker: Handwerkskunst trifft Qualit\u00e4t<\/strong><\/li>\n<\/ul>\n<p>T\u00fcrkische Zahnexperten verf\u00fcgen \u00fcber umfangreiches Wissen und Fachwissen bei der Herstellung einzigartiger abnehmbarer Veneers, die den h\u00f6chsten Qualit\u00e4tsstandards entsprechen. Pr\u00e4zision und Kunstfertigkeit bei der Herstellung von Furnieren zeugen von ihrem K\u00f6nnen. T\u00fcrkische Zahntechniker sorgen durch den Einsatz modernster Methoden und Materialien daf\u00fcr, dass Ihre abnehmbaren Veneers bequem sitzen und ein ansprechendes Aussehen haben. Ihr Engagement f\u00fcr Qualit\u00e4t sorgt daf\u00fcr, dass Ihr neues L\u00e4cheln nat\u00fcrlich aussieht und gibt Ihnen Selbstvertrauen.<\/p>\n<ul>\n<li><strong>Malerische Reiseziele: Jenseits der Zahnheilkunde<\/strong><\/li>\n<\/ul>\n<p>Die T\u00fcrkei ist nicht nur ein Urlaubsort f\u00fcr Zahn\u00e4rzte; Es ist au\u00dferdem ein wundersch\u00f6nes Land mit einer faszinierenden Vergangenheit und einer F\u00fclle an kulturellen Sch\u00e4tzen, die nur darauf warten, entdeckt zu werden. Sie k\u00f6nnen einen unvergesslichen Urlaub verbringen, wenn Sie sich f\u00fcr die T\u00fcrkei f\u00fcr Ihre abnehmbaren Furniere entscheiden. Erkunden Sie das historische Troja, entspannen Sie an den sch\u00f6nen Str\u00e4nden des Mittelmeers oder unternehmen Sie ein Gourmet-Abenteuer und probieren Sie k\u00f6stliche t\u00fcrkische K\u00fcche. Ihre Zahnpflege wird mehr als nur ein Eingriff; Es entwickelt sich zu einer unvergesslichen Reise, bei der Sie die nat\u00fcrliche Sch\u00f6nheit und kulturelle Vielfalt der T\u00fcrkei in vollen Z\u00fcgen erleben k\u00f6nnen.<\/p>\n<ul>\n<li><strong>Effizienter Service und k\u00fcrzere Wartezeiten: Ein nahtloses Erlebnis<\/strong><\/li>\n<\/ul>\n<p>T\u00fcrkische Zahnkliniken legen Wert auf eine effektive Pflege und verf\u00fcgen \u00fcber moderne Annehmlichkeiten. Dank dieses Engagements wird den Patienten ein einwandfreier und st\u00f6rungsfreier Therapieverlauf erm\u00f6glicht. Die Terminplanung ist bequemer, da die Wartezeiten f\u00fcr zahn\u00e4rztliche Eingriffe k\u00fcrzer sind und Sie eine schnelle und aufmerksame Behandlung erhalten. Dank der Kombination modernster Technologie und sachkundiger Spezialisten k\u00f6nnen Sie Ihr sch\u00f6nes L\u00e4cheln fr\u00fcher und mit gr\u00f6\u00dftem Vertrauen genie\u00dfen.<\/p>\n<p>Zusammenfassend l\u00e4sst sich sagen, dass das Entfernen von Veneers von Ihren Z\u00e4hnen eine einfache und nicht-invasive M\u00f6glichkeit ist, Ihr L\u00e4cheln und Ihr Selbstvertrauen zu verbessern. Die T\u00fcrkei ist aufgrund ihrer erschwinglichen Zahnpflege, qualifizierten Zahn\u00e4rzte und attraktiven Touristenattraktionen der beste Standort f\u00fcr Menschen, die herausnehmbare Veneers suchen.<\/p>\n<h2>Kosten f\u00fcr abnehmbare Furniere in der T\u00fcrkei<\/h2>\n<p>Die Erschwinglichkeit herausnehmbarer Veneers aus der T\u00fcrkei ist einer der Hauptvorteile des Landes. Herausnehmbare Veneers sind in der T\u00fcrkei h\u00e4ufig g\u00fcnstiger als in vielen westlichen L\u00e4ndern, sodass der Zugang zu hochwertiger Zahnpflege ohne erhebliche finanzielle Belastung m\u00f6glich ist. Die Gesamtkosten k\u00f6nnen je nach Komplexit\u00e4t Ihres Falles, der Art der ausgew\u00e4hlten Veneers sowie dem Ruf und Standort der Zahnklinik variieren.<\/p>\n<p>[\/col]<br \/>\n[col span=&#8220;3&#8243; span__sm=&#8220;12&#8243; sticky=&#8220;true&#8220; visibility=&#8220;hide-for-medium&#8220;]<\/p>\n<p>[block id=&#8220;2644&#8243;]<\/p>\n<p>[\/col]<\/p>\n<p>[\/row]<br \/>\n[row]<\/p>\n<p>[col span__sm=&#8220;12&#8243;]<\/p>\n<p>[accordion title=&#8220;F.A.Q&#8220;]<\/p>\n<p>[accordion-item title=&#8220;Wie hoch ist die Lebensdauer eines abnehmbaren Veneers?&#8220;]<\/p>\n<p>Entfernbare Veneers haben im Allgemeinen eine Lebensdauer von 3 bis 7 Jahren, abh\u00e4ngig von Faktoren wie Nutzung, Mundhygiene und Pflege. Regelm\u00e4\u00dfige Reinigung und richtige Pflege tragen zu einer l\u00e4ngeren Lebensdauer herausnehmbarer Veneers bei und bieten Patienten eine flexible und tempor\u00e4re kosmetische Zahnl\u00f6sung.<\/p>\n<p>[\/accordion-item]<br \/>\n[accordion-item title=&#8220;Schmerzen abnehmbare Veneers?&#8220;]<\/p>\n<p>Der Prozess der Herstellung herausnehmbarer Veneers ist in der Regel schmerzlos, da keine invasiven Eingriffe oder Zahnreduktionen erforderlich sind. Bei den Patienten kann es zu anf\u00e4nglichen Anpassungen kommen, die Beschwerden sind jedoch minimal und vor\u00fcbergehend, sodass das Gesamterlebnis angenehm ist.<\/p>\n<p>[\/accordion-item]<br \/>\n[accordion-item title=&#8220;Gibt es nach abnehmbaren Veneers ernsthafte Probleme?&#8220;]<\/p>\n<p>Schwerwiegende Probleme nach herausnehmbaren Veneers sind selten. M\u00f6gliche Probleme k\u00f6nnen Anpassungen oder Ersatzbedarf sein. Die Einhaltung der Pflegehinweise, die richtige Reinigung und die Vermeidung \u00fcberm\u00e4\u00dfiger Gewalt tragen dazu bei, ernsthafte Probleme zu vermeiden. Regelm\u00e4\u00dfige Konsultationen mit einem Zahnarzt k\u00f6nnen aufkommende Probleme beheben und den anhaltenden Erfolg herausnehmbarer Veneers sicherstellen.<\/p>\n<p>[\/accordion-item]<br \/>\n[accordion-item title=&#8220;Warum sind abnehmbare Veneers in der T\u00fcrkei g\u00fcnstiger?&#8220;]<\/p>\n<p>Die Kosteneffizienz herausnehmbarer Veneers in der T\u00fcrkei wird durch niedrigere Arbeitskosten, Betriebskosten und g\u00fcnstige Wechselkurse beeinflusst. Renommierte Zahnkliniken in der T\u00fcrkei bieten wettbewerbsf\u00e4hige Preise f\u00fcr herausnehmbare Veneers ohne Kompromisse bei der Qualit\u00e4t. Die Erschwinglichkeit macht die T\u00fcrkei zu einem attraktiven Reiseziel f\u00fcr Personen, die hochwertige und kosteng\u00fcnstige tempor\u00e4re kosmetische Zahnl\u00f6sungen suchen. Die Wahl akkreditierter Kliniken mit erfahrenen Fachleuten stellt sicher, dass Patienten erschwingliche herausnehmbare Veneers erhalten, ohne Kompromisse bei Sicherheit oder \u00c4sthetik einzugehen.<\/p>\n<p>[\/accordion-item]<\/p>\n<p>[\/accordion]<\/p>\n<p>[\/col]<\/p>\n<p>[\/row]<\/p>\n<p>[\/section]<\/p>\n","protected":false},"excerpt":{"rendered":"<p>[section bg=&#8220;4536&#8243; bg_size=&#8220;2048&#215;2048&#8243; bg_pos=&#8220;100% 100%&#8220; padding=&#8220;0px&#8220; height=&#8220;500px&#8220; height__sm=&#8220;200px&#8220;] [row col_bg_radius=&#8220;20&#8243; visibility=&#8220;hide-for-small&#8220;] [col span=&#8220;5&#8243; span__sm=&#8220;12&#8243; padding=&#8220;20px 50px 20px 50px&#8220; bg_color=&#8220;rgba(33, 54, 96, 0.965)&#8220; border=&#8220;0px 0px 10px 0px&#8220; border_radius=&#8220;20&#8243; border_color=&#8220;rgb(237, 97, 41)&#8220;] [page_header style=&#8220;simple&#8220; align=&#8220;center&#8220; title_size=&#8220;larger&#8220; nav_style=&#8220;simple&#8220;] [\/col] [\/row] [\/section] [section padding=&#8220;60px&#8220; padding__sm=&#8220;20px&#8220;] [row col_bg_radius=&#8220;20&#8243; visibility=&#8220;show-for-small&#8220;] [col span=&#8220;5&#8243; span__sm=&#8220;12&#8243; padding=&#8220;0px 50px 0px 50px&#8220; bg_color=&#8220;rgba(33, 54, 96, 0.965)&#8220; [&hellip;]<\/p>\n","protected":false},"author":1,"featured_media":4536,"parent":4675,"menu_order":0,"comment_status":"closed","ping_status":"closed","template":"page-blank.php","meta":{"footnotes":""},"_links":{"self":[{"href":"https:\/\/egepoldental.com\/de\/wp-json\/wp\/v2\/pages\/4713"}],"collection":[{"href":"https:\/\/egepoldental.com\/de\/wp-json\/wp\/v2\/pages"}],"about":[{"href":"https:\/\/egepoldental.com\/de\/wp-json\/wp\/v2\/types\/page"}],"author":[{"embeddable":true,"href":"https:\/\/egepoldental.com\/de\/wp-json\/wp\/v2\/users\/1"}],"replies":[{"embeddable":true,"href":"https:\/\/egepoldental.com\/de\/wp-json\/wp\/v2\/comments?post=4713"}],"version-history":[{"count":3,"href":"https:\/\/egepoldental.com\/de\/wp-json\/wp\/v2\/pages\/4713\/revisions"}],"predecessor-version":[{"id":4717,"href":"https:\/\/egepoldental.com\/de\/wp-json\/wp\/v2\/pages\/4713\/revisions\/4717"}],"up":[{"embeddable":true,"href":"https:\/\/egepoldental.com\/de\/wp-json\/wp\/v2\/pages\/4675"}],"wp:featuredmedia":[{"embeddable":true,"href":"https:\/\/egepoldental.com\/de\/wp-json\/wp\/v2\/media\/4536"}],"wp:attachment":[{"href":"https:\/\/egepoldental.com\/de\/wp-json\/wp\/v2\/media?parent=4713"}],"curies":[{"name":"wp","href":"https:\/\/api.w.org\/{rel}","templated":true}]}}