{"id":4723,"date":"2024-02-27T15:06:31","date_gmt":"2024-02-27T12:06:31","guid":{"rendered":"https:\/\/egepoldental.com\/?page_id=4723"},"modified":"2024-03-27T09:30:59","modified_gmt":"2024-03-27T06:30:59","slug":"zahnaufhellung","status":"publish","type":"page","link":"https:\/\/egepoldental.com\/de\/zahnbehandlungen\/zahnaufhellung\/","title":{"rendered":"Zahnaufhellung in Izmir, T\u00fcrkei"},"content":{"rendered":"<p>[section bg=&#8220;4490&#8243; bg_size=&#8220;2048&#215;2048&#8243; bg_pos=&#8220;center right&#8220; padding=&#8220;0px&#8220; height=&#8220;500px&#8220; height__sm=&#8220;200px&#8220;]<\/p>\n<p>[row col_bg_radius=&#8220;20&#8243; visibility=&#8220;hide-for-small&#8220;]<\/p>\n<p>[col span=&#8220;5&#8243; span__sm=&#8220;12&#8243; padding=&#8220;20px 50px 20px 50px&#8220; bg_color=&#8220;rgba(33, 54, 96, 0.965)&#8220; border=&#8220;0px 0px 10px 0px&#8220; border_radius=&#8220;20&#8243; border_color=&#8220;rgb(237, 97, 41)&#8220;]<\/p>\n<p>[page_header style=&#8220;simple&#8220; align=&#8220;center&#8220; title_size=&#8220;larger&#8220; nav_style=&#8220;simple&#8220;]<\/p>\n<p>[\/col]<\/p>\n<p>[\/row]<\/p>\n<p>[\/section]<br \/>\n[section padding=&#8220;60px&#8220; padding__sm=&#8220;20px&#8220;]<\/p>\n<p>[row col_bg_radius=&#8220;20&#8243; visibility=&#8220;show-for-small&#8220;]<\/p>\n<p>[col span=&#8220;5&#8243; span__sm=&#8220;12&#8243; padding=&#8220;0px 50px 0px 50px&#8220; bg_color=&#8220;rgba(33, 54, 96, 0.965)&#8220; border=&#8220;0px 0px 10px 0px&#8220; border_radius=&#8220;20&#8243; border_color=&#8220;rgb(237, 97, 41)&#8220;]<\/p>\n<p>[page_header style=&#8220;simple&#8220; align=&#8220;center&#8220; title_size=&#8220;larger&#8220; nav_style=&#8220;simple&#8220;]<\/p>\n<p>[\/col]<\/p>\n<p>[\/row]<br \/>\n[row]<\/p>\n<p>[col span=&#8220;9&#8243; span__sm=&#8220;12&#8243;]<\/p>\n<p>Ein strahlend wei\u00dfes L\u00e4cheln ist ein Zeichen von Selbstbewusstsein und guter Zahngesundheit. Zahnaufhellung erfreut sich als kosmetischer Zahnvorgang auf der ganzen Welt zunehmender Beliebtheit und bietet Menschen die M\u00f6glichkeit, das Aussehen ihres L\u00e4chelns durch Aufhellung der Zahnfarbe zu verbessern. In diesem Beitrag sprechen wir \u00fcber Zahnaufhellung und erkl\u00e4ren, was es ist, wie es funktioniert, was Sie danach erwartet, wie viel es kostet und warum die Wahl dieser revolution\u00e4ren Technik in der T\u00fcrkei ihre Vorteile hat.<\/p>\n<h2>Was ist Zahnaufhellung?<\/h2>\n<p>Zahnaufhellung, manchmal auch Zahnaufhellung genannt, ist eine kosmetische Zahntechnik, die dazu dient, den Zahnschmelz und das Dentin der Z\u00e4hne aufzuhellen, indem Flecken und Verf\u00e4rbungen entfernt werden. Es handelt sich um ein nicht-invasives Verfahren, das Ihr L\u00e4cheln lebendiger machen und Ihnen mehr Selbstvertrauen geben kann. Zahnaufhellung ist eine hervorragende Methode zur Entfernung von Verf\u00e4rbungen, die durch Alter, Rauchen, Kaffee, Tee, Rotwein und einige Medikamente verursacht werden.<\/p>\n<p><img loading=\"lazy\" decoding=\"async\" class=\"alignnone size-full wp-image-3015\" src=\"https:\/\/egepoldental.com\/wp-content\/uploads\/2024\/02\/Teeth-Whitening.png\" alt=\"\" width=\"1140\" height=\"500\" srcset=\"https:\/\/egepoldental.com\/wp-content\/uploads\/2024\/02\/Teeth-Whitening.png 1140w, https:\/\/egepoldental.com\/wp-content\/uploads\/2024\/02\/Teeth-Whitening-800x351.png 800w, https:\/\/egepoldental.com\/wp-content\/uploads\/2024\/02\/Teeth-Whitening-768x337.png 768w\" sizes=\"(max-width: 1140px) 100vw, 1140px\" \/><\/p>\n<h2>Das Zahnaufhellungsverfahren<\/h2>\n<p>Die folgenden Schritte sind in der Regel in der Zahnaufhellung enthalten:<\/p>\n<ul>\n<li>Beratung: Ihre Reise zu wei\u00dferen Z\u00e4hnen beginnt mit einer Beratung durch einen qualifizierten Zahnarzt in der T\u00fcrkei. Bei Ihrer ersten Sitzung besprechen Sie Ihre zahn\u00e4rztlichen Anliegen, Ziele und Erwartungen.<\/li>\n<li>Beurteilung: Ihr Zahnarzt f\u00fchrt eine umfassende zahn\u00e4rztliche Untersuchung durch und beurteilt die vorhandene Farbe Ihrer Z\u00e4hne, um zu entscheiden, ob Sie f\u00fcr eine Zahnaufhellung geeignet sind. Vor der Operation sind gesunde Z\u00e4hne und gesundes Zahnfleisch unbedingt erforderlich.<\/li>\n<li>Behandlungsm\u00f6glichkeiten: Ihr Zahnarzt wird mit Ihnen \u00fcber Ihre Alternativen zur Zahnaufhellung sprechen. Diese k\u00f6nnen aus Bleaching in der Praxis, Bleaching-Sets zum Mitnehmen oder einer Kombination aus beidem bestehen.<\/li>\n<li>In-Office-Bleaching: W\u00e4hrend der In-Office-Zahnaufhellung wird ein professionelles Bleaching-Gel auf Ihre Z\u00e4hne aufgetragen. Es ist m\u00f6glich, das Gel mit einem Laser oder Speziallicht zu aktivieren und den Aufhellungsprozess zu beschleunigen. Dieser Ansatz f\u00fchrt oft zu schnellen Ergebnissen.<\/li>\n<li>Aufhellung zu Hause: Ihr Zahnarzt gibt Ihnen m\u00f6glicherweise auch einen Satz speziell angefertigter Schienen und ein milderes Aufhellungsgel, das Sie zu Hause auf Ihre Z\u00e4hne auftragen k\u00f6nnen. Mit dieser Technik k\u00f6nnen Sie Ihre Z\u00e4hne \u00fcber einen Zeitraum von Tagen oder Wochen schrittweise aufhellen.<\/li>\n<\/ul>\n<h2>Erholung<\/h2>\n<p>Nach der Zahnaufhellung ist die Genesung oft einfach und erfordert nur kurze Ausfallzeiten. Ihr Zahnfleisch oder Ihre Z\u00e4hne k\u00f6nnten leicht empfindlich werden, dies sollte jedoch nach einigen Tagen vergehen. Um die Ergebnisse beizubehalten, empfiehlt Ihnen Ihr Zahnarzt m\u00f6glicherweise, stark gef\u00e4rbte Lebensmittel und Getr\u00e4nke zu meiden und eine desensibilisierende Zahnpasta zu verwenden.<\/p>\n<p><img loading=\"lazy\" decoding=\"async\" class=\"alignnone size-full wp-image-3014\" src=\"https:\/\/egepoldental.com\/wp-content\/uploads\/2024\/02\/Teeth-Whitening-2.png\" alt=\"\" width=\"1140\" height=\"500\" srcset=\"https:\/\/egepoldental.com\/wp-content\/uploads\/2024\/02\/Teeth-Whitening-2.png 1140w, https:\/\/egepoldental.com\/wp-content\/uploads\/2024\/02\/Teeth-Whitening-2-800x351.png 800w, https:\/\/egepoldental.com\/wp-content\/uploads\/2024\/02\/Teeth-Whitening-2-768x337.png 768w\" sizes=\"(max-width: 1140px) 100vw, 1140px\" \/><\/p>\n<h2>Vorteile der Zahnaufhellung in der T\u00fcrkei<\/h2>\n<ul>\n<li>Kosteneinsparungen: Die T\u00fcrkei ist daf\u00fcr bekannt, erstklassige zahn\u00e4rztliche Leistungen wie Zahnaufhellung zu einem Bruchteil des Preises anzubieten, den Sie in anderen L\u00e4ndern zahlen k\u00f6nnten. Aufgrund ihrer Erschwinglichkeit wird hochwertige kosmetische Zahnheilkunde einem breiteren Spektrum von Menschen zug\u00e4nglich gemacht.<\/li>\n<li>Qualifizierte Zahn\u00e4rzte: T\u00fcrkische Zahn\u00e4rzte sind hochqualifiziert und verf\u00fcgen h\u00e4ufig \u00fcber Qualifikationen aus anderen L\u00e4ndern. Englischkenntnisse t\u00fcrkischer Zahn\u00e4rzte tragen dazu bei, einen effektiven und klaren Kontakt zu ausl\u00e4ndischen Patienten zu gew\u00e4hrleisten. Dank ihrer Kompetenz in der \u00e4sthetischen Zahnheilkunde, zu der auch die Zahnaufhellung geh\u00f6rt, wird Ihre Betreuung auf h\u00f6chstem Niveau sein.<\/li>\n<li>Fortschrittliche Technologie: T\u00fcrkische Zahnarztpraxen investieren regelm\u00e4\u00dfig in modernste Technologie und modernste Ausr\u00fcstung. Dieses Engagement f\u00fcr Innovation garantiert, dass Patienten die modernsten und wirksamsten Zahnaufhellungsverfahren erhalten, die es gibt. Der Einsatz moderner Werkzeuge verbessert die Genauigkeit und den Erfolg des Verfahrens.<\/li>\n<li>Tourismusm\u00f6glichkeiten: Die T\u00fcrkei hat eine reiche Kulturgeschichte und eine wundersch\u00f6ne Natur. Ihr Zahnarzttermin kann in einen unvergesslichen Urlaub verwandelt werden, indem Sie zu Ihrer Zahnaufhellungsbehandlung Ausfl\u00fcge zu historischen Sehensw\u00fcrdigkeiten wie der Blauen Moschee oder den atemberaubenden Str\u00e4nden von Antalya hinzuf\u00fcgen. Ihr L\u00e4cheln zu entwickeln und gleichzeitig die Wunder der T\u00fcrkei zu entdecken, ist eine umfassende Strategie, die unsch\u00e4tzbare Erinnerungen schafft.<\/li>\n<\/ul>\n<p>F\u00fcr diejenigen, die ein strahlenderes und selbstbewussteres L\u00e4cheln w\u00fcnschen, ist die Zahnaufhellung in der T\u00fcrkei eine kosteng\u00fcnstige und qualitativ hochwertige Option. Die T\u00fcrkei bietet ein ganzheitliches Zahnheilkundeerlebnis, das nicht nur Ihr L\u00e4cheln verbessert, sondern Ihnen auch erm\u00f6glicht, die kulturelle Vielfalt und Natursch\u00f6nheiten dieses faszinierenden Landes zu entdecken. Die T\u00fcrkei verf\u00fcgt \u00fcber qualifizierte Zahn\u00e4rzte, modernste Technologie und eine Vielzahl touristischer Alternativen. Ihre Entscheidung, Ihre Z\u00e4hne in der T\u00fcrkei aufhellen zu lassen, ist eine Investition in Ihr L\u00e4cheln sowie in lebenslange Erinnerungen und tolle Erlebnisse.<\/p>\n<h2>Kosten f\u00fcr Zahnaufhellung in der T\u00fcrkei<\/h2>\n<p>Die Erschwinglichkeit der Zahnaufhellung in der T\u00fcrkei geh\u00f6rt zu den attraktivsten Argumenten. T\u00fcrkische zahn\u00e4rztliche Leistungen, einschlie\u00dflich Zahnaufhellung, sind preisg\u00fcnstig. Die gew\u00e4hlte Methode, die Schwierigkeit Ihres Falles und der Standort der Zahnklinik k\u00f6nnen sich auf den Preis der Zahnaufhellung auswirken. Im Vergleich zu vielen westlichen L\u00e4ndern m\u00fcssen Patienten in der T\u00fcrkei damit rechnen, im Durchschnitt deutlich weniger f\u00fcr die Zahnaufhellung zu zahlen und gleichzeitig eine hervorragende Pflege zu erhalten.<\/p>\n<p>[\/col]<br \/>\n[col span=&#8220;3&#8243; span__sm=&#8220;12&#8243; sticky=&#8220;true&#8220; visibility=&#8220;hide-for-medium&#8220;]<\/p>\n<p>[block id=&#8220;2644&#8243;]<\/p>\n<p>[\/col]<\/p>\n<p>[\/row]<br \/>\n[row]<\/p>\n<p>[col span__sm=&#8220;12&#8243;]<\/p>\n<p>[accordion title=&#8220;F.A.Q&#8220;]<\/p>\n<p>[accordion-item title=&#8220;Wie lange dauert eine Zahnaufhellung?&#8220;]<\/p>\n<p>Die Lebensdauer der Zahnaufhellungsergebnisse variiert je nach Faktoren wie Mundhygiene, Ern\u00e4hrung und Lebensstil. Im Allgemeinen kann die Wirkung der Zahnaufhellung bei richtiger Pflege mehrere Monate bis einige Jahre anhalten. Die Pflege durch gute Mundhygiene und gelegentliche Nachbesserungen kann die Ergebnisse verl\u00e4ngern und \u00fcber einen l\u00e4ngeren Zeitraum f\u00fcr ein strahlenderes L\u00e4cheln sorgen.<\/p>\n<p>[\/accordion-item]<br \/>\n[accordion-item title=&#8220;Schmerzen Zahnaufhellung?&#8220;]<\/p>\n<p>Teeth whitening procedures are typically painless. Some individuals may experience temporary tooth sensitivity during or after the process, but this discomfort is generally mild. Modern whitening techniques and desensitizing agents used by dentists help minimize any potential pain or sensitivity.<\/p>\n<p>[\/accordion-item]<br \/>\n[accordion-item title=&#8220;Gibt es nach der Zahnaufhellung ernsthafte Probleme?&#8220;]<\/p>\n<p>Schwerwiegende Probleme nach einer Zahnaufhellung sind selten. M\u00f6gliche Probleme k\u00f6nnen eine erh\u00f6hte Zahnempfindlichkeit oder Zahnfleischreizungen sein. Das Befolgen der Pflegeanweisungen nach der Zahnaufhellung, die Verwendung von desensibilisierender Zahnpasta und die Konsultation eines Zahnarztes k\u00f6nnen auftretende Probleme verhindern oder beheben. Eine schnelle professionelle Beratung gew\u00e4hrleistet die Sicherheit und den Erfolg von Zahnaufhellungsverfahren.<\/p>\n<p>[\/accordion-item]<br \/>\n[accordion-item title=&#8220;Warum ist Zahnaufhellung in der T\u00fcrkei g\u00fcnstiger?&#8220;]<\/p>\n<p>Die Kosteneffizienz der Zahnaufhellung in der T\u00fcrkei wird durch niedrigere Arbeitskosten, Betriebskosten und g\u00fcnstige Wechselkurse beeinflusst. Seri\u00f6se Zahnkliniken in der T\u00fcrkei bieten wettbewerbsf\u00e4hige Preise f\u00fcr die Zahnaufhellung ohne Kompromisse bei der Qualit\u00e4t. Die Erschwinglichkeit macht die T\u00fcrkei zu einem attraktiven Reiseziel f\u00fcr Personen, die hochwertige und kosteng\u00fcnstige kosmetische Zahnbehandlungen suchen. Durch die Wahl akkreditierter Kliniken mit erfahrenen Fachleuten wird sichergestellt, dass Patienten erschwingliche Zahnaufhellungsdienste erhalten, ohne dass die Sicherheit oder Wirksamkeit beeintr\u00e4chtigt wird.<\/p>\n<p>[\/accordion-item]<\/p>\n<p>[\/accordion]<\/p>\n<p>[\/col]<\/p>\n<p>[\/row]<\/p>\n<p>[\/section]<\/p>\n","protected":false},"excerpt":{"rendered":"<p>[section bg=&#8220;4490&#8243; bg_size=&#8220;2048&#215;2048&#8243; bg_pos=&#8220;center right&#8220; padding=&#8220;0px&#8220; height=&#8220;500px&#8220; height__sm=&#8220;200px&#8220;] [row col_bg_radius=&#8220;20&#8243; visibility=&#8220;hide-for-small&#8220;] [col span=&#8220;5&#8243; span__sm=&#8220;12&#8243; padding=&#8220;20px 50px 20px 50px&#8220; bg_color=&#8220;rgba(33, 54, 96, 0.965)&#8220; border=&#8220;0px 0px 10px 0px&#8220; border_radius=&#8220;20&#8243; border_color=&#8220;rgb(237, 97, 41)&#8220;] [page_header style=&#8220;simple&#8220; align=&#8220;center&#8220; title_size=&#8220;larger&#8220; nav_style=&#8220;simple&#8220;] [\/col] [\/row] [\/section] [section padding=&#8220;60px&#8220; padding__sm=&#8220;20px&#8220;] [row col_bg_radius=&#8220;20&#8243; visibility=&#8220;show-for-small&#8220;] [col span=&#8220;5&#8243; span__sm=&#8220;12&#8243; padding=&#8220;0px 50px 0px 50px&#8220; bg_color=&#8220;rgba(33, 54, 96, 0.965)&#8220; [&hellip;]<\/p>\n","protected":false},"author":1,"featured_media":4490,"parent":4669,"menu_order":0,"comment_status":"closed","ping_status":"closed","template":"page-blank.php","meta":{"footnotes":""},"_links":{"self":[{"href":"https:\/\/egepoldental.com\/de\/wp-json\/wp\/v2\/pages\/4723"}],"collection":[{"href":"https:\/\/egepoldental.com\/de\/wp-json\/wp\/v2\/pages"}],"about":[{"href":"https:\/\/egepoldental.com\/de\/wp-json\/wp\/v2\/types\/page"}],"author":[{"embeddable":true,"href":"https:\/\/egepoldental.com\/de\/wp-json\/wp\/v2\/users\/1"}],"replies":[{"embeddable":true,"href":"https:\/\/egepoldental.com\/de\/wp-json\/wp\/v2\/comments?post=4723"}],"version-history":[{"count":3,"href":"https:\/\/egepoldental.com\/de\/wp-json\/wp\/v2\/pages\/4723\/revisions"}],"predecessor-version":[{"id":4727,"href":"https:\/\/egepoldental.com\/de\/wp-json\/wp\/v2\/pages\/4723\/revisions\/4727"}],"up":[{"embeddable":true,"href":"https:\/\/egepoldental.com\/de\/wp-json\/wp\/v2\/pages\/4669"}],"wp:featuredmedia":[{"embeddable":true,"href":"https:\/\/egepoldental.com\/de\/wp-json\/wp\/v2\/media\/4490"}],"wp:attachment":[{"href":"https:\/\/egepoldental.com\/de\/wp-json\/wp\/v2\/media?parent=4723"}],"curies":[{"name":"wp","href":"https:\/\/api.w.org\/{rel}","templated":true}]}}