{"id":4608,"date":"2024-02-28T10:53:40","date_gmt":"2024-02-28T07:53:40","guid":{"rendered":"https:\/\/egepoldental.com\/?page_id=4608"},"modified":"2024-03-26T17:20:30","modified_gmt":"2024-03-26T14:20:30","slug":"a-propos-de-nous","status":"publish","type":"page","link":"https:\/\/egepoldental.com\/fr\/a-propos-de-nous\/","title":{"rendered":"\u00c0 Propos de Nous"},"content":{"rendered":"<p>[section]<\/p>\n<p>[page_header style=\u00a0\u00bbsimple\u00a0\u00bb text_color=\u00a0\u00bbdark\u00a0\u00bb align=\u00a0\u00bbcenter\u00a0\u00bb title_size=\u00a0\u00bblarger\u00a0\u00bb]<\/p>\n<p>[\/section]<br \/>\n[section]<\/p>\n<p>[row v_align=\u00a0\u00bbmiddle\u00a0\u00bb]<\/p>\n<p>[col span=\u00a0\u00bb6&Prime; span__sm=\u00a0\u00bb12&Prime;]<\/p>\n<p>[ux_text text_align=\u00a0\u00bbright\u00a0\u00bb]<\/p>\n<h1><span style=\"font-size: 110%; color: #ed6129;\">Traitements Dentaires<\/span><\/h1>\n<h1><span style=\"font-size: 150%;\">Egepol Cerrahi Hospitals<\/span><\/h1>\n<p>[\/ux_text]<br \/>\n[ux_image id=\u00a0\u00bb4350&Prime; image_size=\u00a0\u00bb2048&#215;2048&Prime;]<\/p>\n<p>[\/col]<br \/>\n[col span=\u00a0\u00bb6&Prime; span__sm=\u00a0\u00bb12&Prime;]<\/p>\n<p>\u00c9tablissant sa pr\u00e9sence dans le secteur de la sant\u00e9 avec l&rsquo;h\u00f4pital Egepol en avril 2009, Egepol Health Group a ouvert l&rsquo;h\u00f4pital chirurgical Egepol en 2019 et continue de fournir des services de sant\u00e9 avec 900 employ\u00e9s. Il dispose d&rsquo;unit\u00e9s de soins intensifs pour adultes, d&rsquo;une unit\u00e9 de soins intensifs n\u00e9onatals, d&rsquo;une unit\u00e9 de soins intensifs de chirurgie cardiovasculaire, d&rsquo;une unit\u00e9 d&rsquo;angiographie et d&rsquo;une capacit\u00e9 de 225 lits.<\/p>\n<p>En tant qu&rsquo;adepte in\u00e9branlable des d\u00e9veloppements scientifiques, pionnier dans l&rsquo;utilisation de la technologie contemporaine et institution synonyme du mot \u00ab h\u00f4pital \u00bb en adh\u00e9rant \u00e0 la qualit\u00e9, \u00e0 la rapidit\u00e9, \u00e0 la s\u00e9curit\u00e9, \u00e0 la compassion, \u00e0 l&rsquo;\u00e9conomie et \u00e0 l&rsquo;\u00e9thique m\u00e9dicale dans des environnements modernes et propres, il continue ses services.<\/p>\n<p>En 2021, compte tenu des conditions pand\u00e9miques dans les services de sant\u00e9 non hospitaliers, de nouveaux investissements ont \u00e9t\u00e9 r\u00e9alis\u00e9s avec l&rsquo;int\u00e9gration des formations Unit\u00e9 de Sant\u00e9 \u00e0 Domicile et Egepol Mobile Health au sein du groupe sant\u00e9. Avec l&rsquo;ouverture de l&rsquo;h\u00f4pital international Egepol, le groupe vise \u00e0 atteindre une capacit\u00e9 de 325 lits dans la r\u00e9gion \u00e9g\u00e9enne, fournissant des services de sant\u00e9 \u00e0 l&rsquo;ensemble de la r\u00e9gion et au niveau mondial gr\u00e2ce \u00e0 des collaborations dans le tourisme de sant\u00e9.<\/p>\n<p>En outre, dans le cadre du groupe Egepol Health, le service \u00ab Egepol Dental \u00bb propose des soins dentaires complets et de haute qualit\u00e9. Egepol Dental vise \u00e0 fournir aux patients des solutions de sant\u00e9 dentaire s\u00fbres et efficaces, en utilisant une technologie contemporaine et une \u00e9quipe professionnelle.<\/p>\n<p>[\/col]<\/p>\n<p>[\/row]<\/p>\n<p>[\/section]<br \/>\n[section bg_color=\u00a0\u00bbrgb(245, 245, 245)\u00a0\u00bb visibility=\u00a0\u00bbhidden\u00a0\u00bb]<\/p>\n<p>[row]<\/p>\n<p>[col span__sm=\u00a0\u00bb12&Prime; border=\u00a0\u00bb0px 0px 4px 0px\u00a0\u00bb border_radius=\u00a0\u00bb20&Prime; border_color=\u00a0\u00bbrgb(237, 97, 41)\u00a0\u00bb visibility=\u00a0\u00bbshow-for-small\u00a0\u00bb]<\/p>\n<p>[ux_text font_size=\u00a0\u00bb3&Prime; font_size__sm=\u00a0\u00bb2&Prime; text_align=\u00a0\u00bbcenter\u00a0\u00bb text_color=\u00a0\u00bb#213660&Prime;]<\/p>\n<h2>Videos<\/h2>\n<p>[\/ux_text]<\/p>\n<p>[\/col]<br \/>\n[col span__sm=\u00a0\u00bb12&Prime; border=\u00a0\u00bb0px 0px 4px 0px\u00a0\u00bb border_margin=\u00a0\u00bb0px 40% 0px 40%\u00a0\u00bb border_radius=\u00a0\u00bb20&Prime; border_color=\u00a0\u00bbrgb(237, 97, 41)\u00a0\u00bb visibility=\u00a0\u00bbhide-for-small\u00a0\u00bb]<\/p>\n<p>[ux_text font_size=\u00a0\u00bb2&Prime; text_align=\u00a0\u00bbcenter\u00a0\u00bb text_color=\u00a0\u00bb#213660&Prime;]<\/p>\n<h2>Videos<\/h2>\n<p>[\/ux_text]<\/p>\n<p>[\/col]<\/p>\n<p>[\/row]<br \/>\n[row width=\u00a0\u00bbfull-width\u00a0\u00bb]<\/p>\n<p>[col span=\u00a0\u00bb4&Prime; span__sm=\u00a0\u00bb12&Prime;]<\/p>\n<p>[ux_video url=\u00a0\u00bbhttps:\/\/www.youtube.com\/watch?v=HT4plNJa_Ug\u00a0\u00bb]<\/p>\n<p>[\/col]<br \/>\n[col span=\u00a0\u00bb4&Prime; span__sm=\u00a0\u00bb12&Prime;]<\/p>\n<p>[ux_video url=\u00a0\u00bbhttps:\/\/www.youtube.com\/watch?v=9_kqg4mJ3u8&Prime;]<\/p>\n<p>[\/col]<br \/>\n[col span=\u00a0\u00bb4&Prime; span__sm=\u00a0\u00bb12&Prime;]<\/p>\n<p>[ux_video url=\u00a0\u00bbhttps:\/\/www.youtube.com\/watch?v=rAcgKuJAaLQ\u00a0\u00bb]<\/p>\n<p>[\/col]<\/p>\n<p>[\/row]<\/p>\n<p>[\/section]<br \/>\n[section padding=\u00a0\u00bb50px\u00a0\u00bb]<\/p>\n<p>[row width=\u00a0\u00bbfull-width\u00a0\u00bb]<\/p>\n<p>[col span__sm=\u00a0\u00bb12&Prime; border=\u00a0\u00bb0px 0px 4px 0px\u00a0\u00bb border_margin=\u00a0\u00bb0px 35% 0px 35%\u00a0\u00bb border_radius=\u00a0\u00bb20&Prime; border_color=\u00a0\u00bbrgb(237, 97, 41)\u00a0\u00bb visibility=\u00a0\u00bbhide-for-small\u00a0\u00bb]<\/p>\n<p>[ux_text font_size=\u00a0\u00bb2.5&Prime; text_align=\u00a0\u00bbcenter\u00a0\u00bb text_color=\u00a0\u00bb#213660&Prime;]<\/p>\n<p><strong>Nos Certificats<\/strong><\/p>\n<p>[\/ux_text]<\/p>\n<p>[\/col]<br \/>\n[col span__sm=\u00a0\u00bb12&Prime; border=\u00a0\u00bb0px 0px 4px 0px\u00a0\u00bb border_radius=\u00a0\u00bb20&Prime; border_color=\u00a0\u00bbrgb(237, 97, 41)\u00a0\u00bb visibility=\u00a0\u00bbshow-for-small\u00a0\u00bb]<\/p>\n<p>[ux_text font_size=\u00a0\u00bb3&Prime; font_size__sm=\u00a0\u00bb2.5&Prime; text_align=\u00a0\u00bbcenter\u00a0\u00bb text_color=\u00a0\u00bb#213660&Prime;]<\/p>\n<div>Nos Certificats<\/div>\n<p>[\/ux_text]<\/p>\n<p>[\/col]<br \/>\n[col span__sm=\u00a0\u00bb12&Prime; padding=\u00a0\u00bb30px 0px 0px 0px\u00a0\u00bb margin=\u00a0\u00bb0px 0px 0px 0px\u00a0\u00bb]<\/p>\n<p>[ux_gallery ids=\u00a0\u00bb4366,4368,4370,4372,4374,4376&Prime; style=\u00a0\u00bbnone\u00a0\u00bb lightbox_image_size=\u00a0\u00bb2048&#215;2048&Prime; width=\u00a0\u00bbfull-width\u00a0\u00bb col_spacing=\u00a0\u00bblarge\u00a0\u00bb columns=\u00a0\u00bb6&Prime; image_size=\u00a0\u00bb2048&#215;2048&Prime; visibility=\u00a0\u00bbhide-for-small\u00a0\u00bb]<\/p>\n<p>[ux_gallery ids=\u00a0\u00bb4366,4368,4370,4372,4374,4376&Prime; style=\u00a0\u00bbnone\u00a0\u00bb lightbox_image_size=\u00a0\u00bb2048&#215;2048&Prime; type=\u00a0\u00bbslider\u00a0\u00bb col_spacing=\u00a0\u00bblarge\u00a0\u00bb columns=\u00a0\u00bb6&Prime; columns__sm=\u00a0\u00bb2&Prime; slider_nav_style=\u00a0\u00bbcircle\u00a0\u00bb visibility=\u00a0\u00bbshow-for-small\u00a0\u00bb]<\/p>\n<p>[\/col]<\/p>\n<p>[\/row]<\/p>\n<p>[\/section]<br \/>\n[section bg_color=\u00a0\u00bbrgb(245, 245, 245)\u00a0\u00bb padding=\u00a0\u00bb3em\u00a0\u00bb padding__sm=\u00a0\u00bb0em\u00a0\u00bb]<\/p>\n<p>[row]<\/p>\n<p>[col span__sm=\u00a0\u00bb12&Prime;]<\/p>\n<p>[ux_text font_size=\u00a0\u00bb2&Prime; font_size__sm=\u00a0\u00bb1.5&Prime; font_size__md=\u00a0\u00bb1.75&Prime; text_align=\u00a0\u00bbcenter\u00a0\u00bb text_color=\u00a0\u00bbrgb(237, 97, 41)\u00a0\u00bb]<\/p>\n<h3>Avis de nos patients<\/h3>\n<p>[\/ux_text]<\/p>\n<p>[\/col]<\/p>\n<p>[\/row]<br \/>\n[row]<\/p>\n<p>[col span__sm=\u00a0\u00bb12&Prime;]<\/p>\n<p>[ux_slider slide_width=\u00a0\u00bb33.3%\u00a0\u00bb hide_nav=\u00a0\u00bbtrue\u00a0\u00bb nav_pos=\u00a0\u00bboutside\u00a0\u00bb arrows=\u00a0\u00bbfalse\u00a0\u00bb nav_color=\u00a0\u00bbdark\u00a0\u00bb]<\/p>\n<p>[ux_banner height=\u00a0\u00bb400px\u00a0\u00bb height__sm=\u00a0\u00bb300px\u00a0\u00bb bg_color=\u00a0\u00bbrgb(245, 245, 245)\u00a0\u00bb]<\/p>\n<p>[text_box text_color=\u00a0\u00bbdark\u00a0\u00bb width=\u00a0\u00bb95&Prime; position_x=\u00a0\u00bb50&Prime; position_y=\u00a0\u00bb50&Prime;]<\/p>\n<p>[testimonial image_width=\u00a0\u00bb50&Prime; pos=\u00a0\u00bbcenter\u00a0\u00bb name=\u00a0\u00bbNursel I.\u00a0\u00bb company=\u00a0\u00bbGoogle\u00a0\u00bb]<\/p>\n<p>[ux_text line_height=\u00a0\u00bb1.75&Prime;]<\/p>\n<p>Je suis venu ici pour un manchon gastrique. Le personnel de l&rsquo;h\u00f4pital, en particulier Mme Ayhan, la chef de l&rsquo;infirmi\u00e8re et l&rsquo;ordre soign\u00e9, ont \u00e9t\u00e9 si gentils avec moi. Je remercie tout le monde. Meilleur h\u00f4pital de Turquie<\/p>\n<p>[\/ux_text]<\/p>\n<p>[\/testimonial]<\/p>\n<p>[\/text_box]<\/p>\n<p>[\/ux_banner]<br \/>\n[ux_banner height=\u00a0\u00bb400px\u00a0\u00bb height__sm=\u00a0\u00bb300px\u00a0\u00bb bg_color=\u00a0\u00bbrgb(245, 245, 245)\u00a0\u00bb]<\/p>\n<p>[text_box text_color=\u00a0\u00bbdark\u00a0\u00bb width=\u00a0\u00bb95&Prime; position_x=\u00a0\u00bb50&Prime; position_y=\u00a0\u00bb50&Prime;]<\/p>\n<p>[testimonial image_width=\u00a0\u00bb50&Prime; pos=\u00a0\u00bbcenter\u00a0\u00bb name=\u00a0\u00bbKaiela S.\u00a0\u00bb company=\u00a0\u00bbGoogle\u00a0\u00bb]<\/p>\n<p>Vraiment content de la fa\u00e7on dont j&rsquo;ai \u00e9t\u00e9 pris en charge pendant mon s\u00e9jour. J&rsquo;avais des implants mammaires et les infirmi\u00e8res \u00e9taient formidables et s&rsquo;assuraient que tout se passait bien\u00a0!<\/p>\n<p>[\/testimonial]<\/p>\n<p>[\/text_box]<\/p>\n<p>[\/ux_banner]<br \/>\n[ux_banner height=\u00a0\u00bb400px\u00a0\u00bb height__sm=\u00a0\u00bb300px\u00a0\u00bb bg_color=\u00a0\u00bbrgb(245, 245, 245)\u00a0\u00bb]<\/p>\n<p>[text_box text_color=\u00a0\u00bbdark\u00a0\u00bb width=\u00a0\u00bb95&Prime; position_x=\u00a0\u00bb50&Prime; position_y=\u00a0\u00bb50&Prime;]<\/p>\n<p>[testimonial image_width=\u00a0\u00bb50&Prime; pos=\u00a0\u00bbcenter\u00a0\u00bb name=\u00a0\u00bbIryna Vorobjova\u00a0\u00bb company=\u00a0\u00bbTrustpilot\u00a0\u00bb]<\/p>\n<p>Un grand merci \u00e0 Victoria qui nous a soutenu lors d&rsquo;une visite chez le m\u00e9decin. Elle a communiqu\u00e9 en notre nom et a expliqu\u00e9 tout ce dont nous avions besoin. L&rsquo;ambiance \u00e0 l&rsquo;h\u00f4pital est agr\u00e9able, les gens nous ont beaucoup aid\u00e9s, nous n&rsquo;avons m\u00eame pas pay\u00e9 le parking parce que nous \u00e9tions des patients&#8230;<\/p>\n<p>[\/testimonial]<\/p>\n<p>[\/text_box]<\/p>\n<p>[\/ux_banner]<br \/>\n[ux_banner height=\u00a0\u00bb400px\u00a0\u00bb height__sm=\u00a0\u00bb300px\u00a0\u00bb bg_color=\u00a0\u00bbrgb(245, 245, 245)\u00a0\u00bb]<\/p>\n<p>[text_box text_color=\u00a0\u00bbdark\u00a0\u00bb width=\u00a0\u00bb95&Prime; position_x=\u00a0\u00bb50&Prime; position_y=\u00a0\u00bb50&Prime;]<\/p>\n<p>[testimonial image_width=\u00a0\u00bb50&Prime; pos=\u00a0\u00bbcenter\u00a0\u00bb name=\u00a0\u00bbHalil B.\u00a0\u00bb company=\u00a0\u00bbGoogle\u00a0\u00bb]<\/p>\n<p>Je suis venu parce que j&rsquo;\u00e9tais mal \u00e0 l&rsquo;aise avec la structure de mon nez et j&rsquo;avais le souffle court. J&rsquo;ai trouv\u00e9 Mustafa. Cela fait aujourd&rsquo;hui une semaine depuis mon op\u00e9ration. Les gonflements et les bleus \u00e9taient intimidants, mais je peux vous dire que tout cela est temporaire. Si vous envisagez de subir une op\u00e9ration du nez&#8230;<\/p>\n<p>[\/testimonial]<\/p>\n<p>[\/text_box]<\/p>\n<p>[\/ux_banner]<br \/>\n[ux_banner height=\u00a0\u00bb400px\u00a0\u00bb height__sm=\u00a0\u00bb300px\u00a0\u00bb bg_color=\u00a0\u00bbrgb(245, 245, 245)\u00a0\u00bb]<\/p>\n<p>[text_box text_color=\u00a0\u00bbdark\u00a0\u00bb width=\u00a0\u00bb95&Prime; position_x=\u00a0\u00bb50&Prime; position_y=\u00a0\u00bb50&Prime;]<\/p>\n<p>[testimonial image_width=\u00a0\u00bb50&Prime; pos=\u00a0\u00bbcenter\u00a0\u00bb name=\u00a0\u00bbMehmet T.\u00a0\u00bb company=\u00a0\u00bbGoogle\u00a0\u00bb]<\/p>\n<p>Ma femme a accouch\u00e9 \u00e0 l&rsquo;h\u00f4pital d&rsquo;Egepol le mois dernier. L&rsquo;attention, la pertinence et le service que nous avons constat\u00e9s ont \u00e9t\u00e9 excellents du d\u00e9but \u00e0 la fin. Ils proposent \u00e9galement des services sp\u00e9ciaux de vid\u00e9o et de photographie pour la naissance. Nous avons fait r\u00e9aliser un album sp\u00e9cial pour notre premier b\u00e9b\u00e9. Merci \u00e0 toutes les personnes impliqu\u00e9es&#8230;<\/p>\n<p>[\/testimonial]<\/p>\n<p>[\/text_box]<\/p>\n<p>[\/ux_banner]<br \/>\n[ux_banner height=\u00a0\u00bb400px\u00a0\u00bb height__sm=\u00a0\u00bb300px\u00a0\u00bb bg_color=\u00a0\u00bbrgb(245, 245, 245)\u00a0\u00bb]<\/p>\n<p>[text_box text_color=\u00a0\u00bbdark\u00a0\u00bb width=\u00a0\u00bb95&Prime; position_x=\u00a0\u00bb50&Prime; position_y=\u00a0\u00bb50&Prime;]<\/p>\n<p>[testimonial image_width=\u00a0\u00bb50&Prime; pos=\u00a0\u00bbcenter\u00a0\u00bb name=\u00a0\u00bbCherie Oconnor\u00a0\u00bb company=\u00a0\u00bbTrustpilot\u00a0\u00bb]<\/p>\n<p>L&rsquo;h\u00f4pital est tr\u00e8s moderne et propre. Le service qu&rsquo;ils fournissent est exceptionnel. Toute mon exp\u00e9rience a \u00e9t\u00e9 grandement facilit\u00e9e gr\u00e2ce \u00e0 l&rsquo;excellente \u00e9quipe de traducteurs. Les infirmi\u00e8res sont tr\u00e8s bonnes et le docteur Alli est incroyable. Je recommanderais \u00e0 100 % de recourir \u00e0 la chirurgie plastique&#8230;<\/p>\n<p>[\/testimonial]<\/p>\n<p>[\/text_box]<\/p>\n<p>[\/ux_banner]<br \/>\n[ux_banner height=\u00a0\u00bb400px\u00a0\u00bb height__sm=\u00a0\u00bb300px\u00a0\u00bb bg_color=\u00a0\u00bbrgb(245, 245, 245)\u00a0\u00bb]<\/p>\n<p>[text_box text_color=\u00a0\u00bbdark\u00a0\u00bb width=\u00a0\u00bb95&Prime; position_x=\u00a0\u00bb50&Prime; position_y=\u00a0\u00bb50&Prime;]<\/p>\n<p>[testimonial image_width=\u00a0\u00bb50&Prime; pos=\u00a0\u00bbcenter\u00a0\u00bb name=\u00a0\u00bbAhu G.\u00a0\u00bb company=\u00a0\u00bbGoogle\u00a0\u00bb]<\/p>\n<p>Dr. Ceyda \u00d6zdemir du service de physioth\u00e9rapie a mis fin \u00e0 mes douleurs persistantes en une seule s\u00e9ance. Elle applique une belle technique et ne s&rsquo;arr\u00eate jamais avant que la douleur ne soit r\u00e9initialis\u00e9e. Outre son travail effectu\u00e9 avec amour, sa main et sa technique sont tr\u00e8s bonnes. Je suis tr\u00e8s satisfait. Un tr\u00e8s bon&#8230;<\/p>\n<p>[\/testimonial]<\/p>\n<p>[\/text_box]<\/p>\n<p>[\/ux_banner]<br \/>\n[ux_banner height=\u00a0\u00bb400px\u00a0\u00bb height__sm=\u00a0\u00bb300px\u00a0\u00bb bg_color=\u00a0\u00bbrgb(245, 245, 245)\u00a0\u00bb]<\/p>\n<p>[text_box text_color=\u00a0\u00bbdark\u00a0\u00bb width=\u00a0\u00bb95&Prime; position_x=\u00a0\u00bb50&Prime; position_y=\u00a0\u00bb50&Prime;]<\/p>\n<p>[testimonial image_width=\u00a0\u00bb50&Prime; pos=\u00a0\u00bbcenter\u00a0\u00bb name=\u00a0\u00bbOguz C.\u00a0\u00bb company=\u00a0\u00bbGoogle\u00a0\u00bb]<\/p>\n<p>Sibel Alt\u0131nayar, professeur de neurologie, a effectu\u00e9 le premier examen de ma m\u00e8re. Nous avons fait confiance \u00e0 leur diagnostic. J&rsquo;esp\u00e8re que le traitement se passera bien. L&rsquo;h\u00f4pital est plus disciplin\u00e9 et plus attentionn\u00e9 que certains h\u00f4pitaux priv\u00e9s. Cinq \u00e9toiles maintenant<\/p>\n<p>[\/testimonial]<\/p>\n<p>[\/text_box]<\/p>\n<p>[\/ux_banner]<br \/>\n[ux_banner height=\u00a0\u00bb400px\u00a0\u00bb height__sm=\u00a0\u00bb300px\u00a0\u00bb bg_color=\u00a0\u00bbrgb(245, 245, 245)\u00a0\u00bb]<\/p>\n<p>[text_box text_color=\u00a0\u00bbdark\u00a0\u00bb width=\u00a0\u00bb95&Prime; position_x=\u00a0\u00bb50&Prime; position_y=\u00a0\u00bb50&Prime;]<\/p>\n<p>[testimonial image_width=\u00a0\u00bb50&Prime; pos=\u00a0\u00bbcenter\u00a0\u00bb name=\u00a0\u00bbShannon Gregory\u00a0\u00bb company=\u00a0\u00bbTrustpilot\u00a0\u00bb]<\/p>\n<p>Bonjour \u00e0 tous, si vous envisagez de venir \u00e0 Egepol pour une op\u00e9ration chirurgicale, arr\u00eatez de r\u00e9fl\u00e9chir et r\u00e9servez simplement. Je suis venu seul et j&rsquo;\u00e9tais un peu inquiet de savoir comment je serais, mais le personnel ici est formidable, attentionn\u00e9 et fait tout son possible pour que ce soit une bonne exp\u00e9rience. Je me suis relook\u00e9e en tant que maman et&#8230;<\/p>\n<p>[\/testimonial]<\/p>\n<p>[\/text_box]<\/p>\n<p>[\/ux_banner]<br \/>\n[ux_banner height=\u00a0\u00bb400px\u00a0\u00bb height__sm=\u00a0\u00bb300px\u00a0\u00bb bg_color=\u00a0\u00bbrgb(245, 245, 245)\u00a0\u00bb]<\/p>\n<p>[text_box text_color=\u00a0\u00bbdark\u00a0\u00bb width=\u00a0\u00bb95&Prime; position_x=\u00a0\u00bb50&Prime; position_y=\u00a0\u00bb50&Prime;]<\/p>\n<p>[testimonial image_width=\u00a0\u00bb50&Prime; pos=\u00a0\u00bbcenter\u00a0\u00bb name=\u00a0\u00bbMerve B.\u00a0\u00bb company=\u00a0\u00bbGoogle\u00a0\u00bb]<\/p>\n<p>J&rsquo;ai accouch\u00e9 le 2 f\u00e9vrier, les infirmi\u00e8res du service de gyn\u00e9cologie c4, l&rsquo;int\u00e9r\u00eat de tous ceux qui travaillaient, \u00e9tait grand. Je tiens \u00e0 remercier tout le personnel, en particulier mon cher docteur Cem B\u00fcy\u00fcktosun. Je suis content d&rsquo;avoir \u00e9t\u00e9 soign\u00e9 \u00e0 l&rsquo;h\u00f4pital d&rsquo;Egepol<\/p>\n<p>[\/testimonial]<\/p>\n<p>[\/text_box]<\/p>\n<p>[\/ux_banner]<br \/>\n[ux_banner height=\u00a0\u00bb400px\u00a0\u00bb height__sm=\u00a0\u00bb300px\u00a0\u00bb bg_color=\u00a0\u00bbrgb(245, 245, 245)\u00a0\u00bb]<\/p>\n<p>[text_box text_color=\u00a0\u00bbdark\u00a0\u00bb width=\u00a0\u00bb95&Prime; position_x=\u00a0\u00bb50&Prime; position_y=\u00a0\u00bb50&Prime;]<\/p>\n<p>[testimonial image_width=\u00a0\u00bb50&Prime; pos=\u00a0\u00bbcenter\u00a0\u00bb name=\u00a0\u00bbSian Kebbell\u00a0\u00bb company=\u00a0\u00bbTrustpilot\u00a0\u00bb]<\/p>\n<p>Que puis-je dire \u00e0 part qu&rsquo;ils sont tous g\u00e9niaux ici\u00a0! J&rsquo;ai eu un manchon gastrique et une ablation de la v\u00e9sicule biliaire !<br \/>\nle personnel de l&rsquo;h\u00f4pital, les infirmi\u00e8res, les chirurgiens ont tous \u00e9t\u00e9 brillamment aid\u00e9s pour r\u00e9pondre \u00e0 toutes mes questions, m\u00eame si j&rsquo;en avais, car ils \u00e9taient tous couverts&#8230;<\/p>\n<p>[\/testimonial]<\/p>\n<p>[\/text_box]<\/p>\n<p>[\/ux_banner]<\/p>\n<p>[\/ux_slider]<\/p>\n<p>[\/col]<\/p>\n<p>[\/row]<\/p>\n<p>[\/section]<\/p>\n","protected":false},"excerpt":{"rendered":"<p>[section] [page_header style=\u00a0\u00bbsimple\u00a0\u00bb text_color=\u00a0\u00bbdark\u00a0\u00bb align=\u00a0\u00bbcenter\u00a0\u00bb title_size=\u00a0\u00bblarger\u00a0\u00bb] [\/section] [section] [row v_align=\u00a0\u00bbmiddle\u00a0\u00bb] [col span=\u00a0\u00bb6&Prime; span__sm=\u00a0\u00bb12&Prime;] [ux_text text_align=\u00a0\u00bbright\u00a0\u00bb] Traitements Dentaires Egepol Cerrahi Hospitals [\/ux_text] [ux_image id=\u00a0\u00bb4350&Prime; image_size=\u00a0\u00bb2048&#215;2048&Prime;] [\/col] [col span=\u00a0\u00bb6&Prime; span__sm=\u00a0\u00bb12&Prime;] \u00c9tablissant sa pr\u00e9sence dans le secteur de la sant\u00e9 avec l&rsquo;h\u00f4pital Egepol en avril 2009, Egepol Health Group a ouvert l&rsquo;h\u00f4pital chirurgical Egepol en 2019 et continue [&hellip;]<\/p>\n","protected":false},"author":1,"featured_media":0,"parent":0,"menu_order":0,"comment_status":"closed","ping_status":"closed","template":"page-blank.php","meta":{"footnotes":""},"_links":{"self":[{"href":"https:\/\/egepoldental.com\/fr\/wp-json\/wp\/v2\/pages\/4608"}],"collection":[{"href":"https:\/\/egepoldental.com\/fr\/wp-json\/wp\/v2\/pages"}],"about":[{"href":"https:\/\/egepoldental.com\/fr\/wp-json\/wp\/v2\/types\/page"}],"author":[{"embeddable":true,"href":"https:\/\/egepoldental.com\/fr\/wp-json\/wp\/v2\/users\/1"}],"replies":[{"embeddable":true,"href":"https:\/\/egepoldental.com\/fr\/wp-json\/wp\/v2\/comments?post=4608"}],"version-history":[{"count":3,"href":"https:\/\/egepoldental.com\/fr\/wp-json\/wp\/v2\/pages\/4608\/revisions"}],"predecessor-version":[{"id":4612,"href":"https:\/\/egepoldental.com\/fr\/wp-json\/wp\/v2\/pages\/4608\/revisions\/4612"}],"wp:attachment":[{"href":"https:\/\/egepoldental.com\/fr\/wp-json\/wp\/v2\/media?parent=4608"}],"curies":[{"name":"wp","href":"https:\/\/api.w.org\/{rel}","templated":true}]}}